{"id":7403,"date":"2024-09-18T20:21:23","date_gmt":"2024-09-18T20:21:23","guid":{"rendered":"https:\/\/cuidandoteserviciosauxiliares.com\/work-with-us\/"},"modified":"2025-09-29T07:16:53","modified_gmt":"2025-09-29T07:16:53","slug":"work-with-us","status":"publish","type":"page","link":"https:\/\/cuidandoteserviciosauxiliares.com\/en\/work-with-us\/","title":{"rendered":"Work with us"},"content":{"rendered":"\t\t<div data-elementor-type=\"wp-page\" data-elementor-id=\"7403\" class=\"elementor elementor-7403 elementor-1855\" data-elementor-post-type=\"page\">\n\t\t\t\t<div class=\"elementor-element elementor-element-5ecd5e0 e-flex e-con-boxed e-con e-parent\" data-id=\"5ecd5e0\" data-element_type=\"container\" data-settings=\"{&quot;background_background&quot;:&quot;classic&quot;}\">\n\t\t\t\t\t<div class=\"e-con-inner\">\n\t\t\t\t<div class=\"elementor-element elementor-element-9aef5df elementor-widget elementor-widget-heading\" data-id=\"9aef5df\" data-element_type=\"widget\" data-widget_type=\"heading.default\">\n\t\t\t\t<div class=\"elementor-widget-container\">\n\t\t\t\t\t<h2 class=\"elementor-heading-title elementor-size-default\">Work with us<\/h2>\t\t\t\t<\/div>\n\t\t\t\t<\/div>\n\t\t\t\t\t<\/div>\n\t\t\t\t<\/div>\n\t\t<div class=\"elementor-element elementor-element-43f1c22 e-flex e-con-boxed e-con e-parent\" data-id=\"43f1c22\" data-element_type=\"container\">\n\t\t\t\t\t<div class=\"e-con-inner\">\n\t\t\t\t<div class=\"elementor-element elementor-element-06e06d1 elementor-widget elementor-widget-heading\" data-id=\"06e06d1\" data-element_type=\"widget\" data-widget_type=\"heading.default\">\n\t\t\t\t<div class=\"elementor-widget-container\">\n\t\t\t\t\t<h5 class=\"elementor-heading-title elementor-size-default\">Are you looking for a job as a domestic worker?<\/h5>\t\t\t\t<\/div>\n\t\t\t\t<\/div>\n\t\t\t\t<div class=\"elementor-element elementor-element-c94ce4a elementor-widget elementor-widget-heading\" data-id=\"c94ce4a\" data-element_type=\"widget\" data-widget_type=\"heading.default\">\n\t\t\t\t<div class=\"elementor-widget-container\">\n\t\t\t\t\t<h5 class=\"elementor-heading-title elementor-size-default\">Do you have experience caring for the elderly?<\/h5>\t\t\t\t<\/div>\n\t\t\t\t<\/div>\n\t\t\t\t\t<\/div>\n\t\t\t\t<\/div>\n\t\t<div class=\"elementor-element elementor-element-84220a6 e-flex e-con-boxed e-con e-parent\" data-id=\"84220a6\" data-element_type=\"container\">\n\t\t\t\t\t<div class=\"e-con-inner\">\n\t\t<div class=\"elementor-element elementor-element-0b1be5f e-con-full elementor-hidden-mobile e-flex e-con e-child\" data-id=\"0b1be5f\" data-element_type=\"container\">\n\t\t\t\t<\/div>\n\t\t<div class=\"elementor-element elementor-element-3c5f4b6 e-con-full e-flex e-con e-child\" data-id=\"3c5f4b6\" data-element_type=\"container\">\n\t\t\t\t<div class=\"elementor-element elementor-element-aedd265 elementor-widget elementor-widget-image\" data-id=\"aedd265\" data-element_type=\"widget\" data-widget_type=\"image.default\">\n\t\t\t\t<div class=\"elementor-widget-container\">\n\t\t\t\t\t\t\t\t\t\t\t\t\t\t\t<img fetchpriority=\"high\" decoding=\"async\" width=\"800\" height=\"513\" src=\"https:\/\/cuidandoteserviciosauxiliares.com\/wp-content\/uploads\/2024\/04\/DSCF7840-1024x656.jpg\" class=\"attachment-large size-large wp-image-7247\" alt=\"Service at a fair price\" srcset=\"https:\/\/cuidandoteserviciosauxiliares.com\/wp-content\/uploads\/2024\/04\/DSCF7840-1024x656.jpg 1024w, https:\/\/cuidandoteserviciosauxiliares.com\/wp-content\/uploads\/2024\/04\/DSCF7840-300x192.jpg 300w, https:\/\/cuidandoteserviciosauxiliares.com\/wp-content\/uploads\/2024\/04\/DSCF7840-768x492.jpg 768w, https:\/\/cuidandoteserviciosauxiliares.com\/wp-content\/uploads\/2024\/04\/DSCF7840-1536x984.jpg 1536w, https:\/\/cuidandoteserviciosauxiliares.com\/wp-content\/uploads\/2024\/04\/DSCF7840.jpg 1920w\" sizes=\"(max-width: 800px) 100vw, 800px\" \/>\t\t\t\t\t\t\t\t\t\t\t\t\t\t\t<\/div>\n\t\t\t\t<\/div>\n\t\t\t\t<div class=\"elementor-element elementor-element-de0367c elementor-widget__width-initial elementor-widget elementor-widget-heading\" data-id=\"de0367c\" data-element_type=\"widget\" data-widget_type=\"heading.default\">\n\t\t\t\t<div class=\"elementor-widget-container\">\n\t\t\t\t\t<h5 class=\"elementor-heading-title elementor-size-default\">If the answer to these questions is <strong>Yes<\/strong>, please contact us.<\/h5>\t\t\t\t<\/div>\n\t\t\t\t<\/div>\n\t\t\t\t<\/div>\n\t\t<div class=\"elementor-element elementor-element-bc83b91 e-con-full elementor-hidden-mobile e-flex e-con e-child\" data-id=\"bc83b91\" data-element_type=\"container\">\n\t\t\t\t<\/div>\n\t\t\t\t\t<\/div>\n\t\t\t\t<\/div>\n\t\t<div class=\"elementor-element elementor-element-f28319f e-flex e-con-boxed e-con e-parent\" data-id=\"f28319f\" data-element_type=\"container\">\n\t\t\t\t\t<div class=\"e-con-inner\">\n\t\t<div class=\"elementor-element elementor-element-35b56ca e-con-full elementor-hidden-mobile e-flex e-con e-child\" data-id=\"35b56ca\" data-element_type=\"container\">\n\t\t\t\t<\/div>\n\t\t<div class=\"elementor-element elementor-element-c85a161 e-con-full e-flex e-con e-child\" data-id=\"c85a161\" data-element_type=\"container\" data-settings=\"{&quot;background_background&quot;:&quot;classic&quot;}\">\n\t\t\t\t<div class=\"elementor-element elementor-element-c4dda45 elementor-widget elementor-widget-heading\" data-id=\"c4dda45\" data-element_type=\"widget\" data-widget_type=\"heading.default\">\n\t\t\t\t<div class=\"elementor-widget-container\">\n\t\t\t\t\t<h5 class=\"elementor-heading-title elementor-size-default\">Fill out the form below and we will get back to you as soon as possible<\/h5>\t\t\t\t<\/div>\n\t\t\t\t<\/div>\n\t\t\t\t<div class=\"elementor-element elementor-element-1e5727a elementor-button-align-stretch elementor-widget elementor-widget-form\" data-id=\"1e5727a\" data-element_type=\"widget\" data-settings=\"{&quot;step_next_label&quot;:&quot;Next&quot;,&quot;step_previous_label&quot;:&quot;Previous&quot;,&quot;button_width&quot;:&quot;100&quot;,&quot;step_type&quot;:&quot;number_text&quot;,&quot;step_icon_shape&quot;:&quot;circle&quot;}\" data-widget_type=\"form.default\">\n\t\t\t\t<div class=\"elementor-widget-container\">\n\t\t\t\t\t\t\t<form class=\"elementor-form\" method=\"post\" name=\"New Form\">\n\t\t\t<input type=\"hidden\" name=\"post_id\" value=\"7403\"\/>\n\t\t\t<input type=\"hidden\" name=\"form_id\" value=\"1e5727a\"\/>\n\t\t\t<input type=\"hidden\" name=\"referer_title\" value=\"Empleo cuidadores de personas mayores | Cuid\u00e1ndote\" \/>\n\n\t\t\t\t\t\t\t<input type=\"hidden\" name=\"queried_id\" value=\"7403\"\/>\n\t\t\t\n\t\t\t<div class=\"elementor-form-fields-wrapper elementor-labels-above\">\n\t\t\t\t\t\t\t\t<div class=\"elementor-field-type-text elementor-field-group elementor-column elementor-field-group-nombre elementor-col-33 elementor-field-required\">\n\t\t\t\t\t\t\t\t\t\t\t\t<label for=\"form-field-nombre\" class=\"elementor-field-label\">\n\t\t\t\t\t\t\t\tName and surname\t\t\t\t\t\t\t<\/label>\n\t\t\t\t\t\t\t\t\t\t\t\t\t\t<input size=\"1\" type=\"text\" name=\"form_fields[nombre]\" id=\"form-field-nombre\" class=\"elementor-field elementor-size-sm  elementor-field-textual\" placeholder=\"Name  \" required=\"required\" aria-required=\"true\">\n\t\t\t\t\t\t\t\t\t\t\t<\/div>\n\t\t\t\t\t\t\t\t<div class=\"elementor-field-type-email elementor-field-group elementor-column elementor-field-group-email elementor-col-33 elementor-field-required\">\n\t\t\t\t\t\t\t\t\t\t\t\t<label for=\"form-field-email\" class=\"elementor-field-label\">\n\t\t\t\t\t\t\t\tEmail\t\t\t\t\t\t\t<\/label>\n\t\t\t\t\t\t\t\t\t\t\t\t\t\t<input size=\"1\" type=\"email\" name=\"form_fields[email]\" id=\"form-field-email\" class=\"elementor-field elementor-size-sm  elementor-field-textual\" placeholder=\"Email\" required=\"required\" aria-required=\"true\">\n\t\t\t\t\t\t\t\t\t\t\t<\/div>\n\t\t\t\t\t\t\t\t<div class=\"elementor-field-type-tel elementor-field-group elementor-column elementor-field-group-telefono elementor-col-33 elementor-field-required\">\n\t\t\t\t\t\t\t\t\t\t\t\t<label for=\"form-field-telefono\" class=\"elementor-field-label\">\n\t\t\t\t\t\t\t\tTelephone\t\t\t\t\t\t\t<\/label>\n\t\t\t\t\t\t\t\t<input size=\"1\" type=\"tel\" name=\"form_fields[telefono]\" id=\"form-field-telefono\" class=\"elementor-field elementor-size-sm  elementor-field-textual\" placeholder=\"Telephone\" required=\"required\" aria-required=\"true\" pattern=\"[0-9()#&amp;+*-=.]+\" title=\"Only numbers and phone characters (#, -, *, etc) are accepted.\">\n\n\t\t\t\t\t\t<\/div>\n\t\t\t\t\t\t\t\t<div class=\"elementor-field-type-text elementor-field-group elementor-column elementor-field-group-localidad elementor-col-100\">\n\t\t\t\t\t\t\t\t\t\t\t\t<label for=\"form-field-localidad\" class=\"elementor-field-label\">\n\t\t\t\t\t\t\t\tLocality\t\t\t\t\t\t\t<\/label>\n\t\t\t\t\t\t\t\t\t\t\t\t\t\t<input size=\"1\" type=\"text\" name=\"form_fields[localidad]\" id=\"form-field-localidad\" class=\"elementor-field elementor-size-sm  elementor-field-textual\" placeholder=\"Locality\">\n\t\t\t\t\t\t\t\t\t\t\t<\/div>\n\t\t\t\t\t\t\t\t<div class=\"elementor-field-type-textarea elementor-field-group elementor-column elementor-field-group-mensaje elementor-col-100\">\n\t\t\t\t\t\t\t\t\t\t\t\t<label for=\"form-field-mensaje\" class=\"elementor-field-label\">\n\t\t\t\t\t\t\t\tTell us more about yourself (optional)\t\t\t\t\t\t\t<\/label>\n\t\t\t\t\t\t<textarea class=\"elementor-field-textual elementor-field  elementor-size-sm\" name=\"form_fields[mensaje]\" id=\"form-field-mensaje\" rows=\"4\"><\/textarea>\t\t\t\t<\/div>\n\t\t\t\t\t\t\t\t<div class=\"elementor-field-type-upload elementor-field-group elementor-column elementor-field-group-cv elementor-col-100\">\n\t\t\t\t\t\t\t\t\t\t\t\t<label for=\"form-field-cv\" class=\"elementor-field-label\">\n\t\t\t\t\t\t\t\tCV\t\t\t\t\t\t\t<\/label>\n\t\t\t\t\t\t\t\t<input type=\"file\" name=\"form_fields[cv]\" id=\"form-field-cv\" class=\"elementor-field elementor-size-sm  elementor-upload-field\" data-maxsize=\"50\" data-maxsize-message=\"This file exceeds the maximum allowed size.\">\n\n\t\t\t\t\t\t<\/div>\n\t\t\t\t\t\t\t\t<div class=\"elementor-field-type-checkbox elementor-field-group elementor-column elementor-field-group-conocimientos elementor-col-100\">\n\t\t\t\t\t\t\t\t\t\t\t\t<label for=\"form-field-conocimientos\" class=\"elementor-field-label\">\n\t\t\t\t\t\t\t\tKnowledge\t\t\t\t\t\t\t<\/label>\n\t\t\t\t\t\t<div class=\"elementor-field-subgroup  elementor-subgroup-inline\"><span class=\"elementor-field-option\"><input type=\"checkbox\" value=\"Elderly\" id=\"form-field-conocimientos-0\" name=\"form_fields[conocimientos][]\"> <label for=\"form-field-conocimientos-0\">Elderly<\/label><\/span><span class=\"elementor-field-option\"><input type=\"checkbox\" value=\"Care Domestic Service\" id=\"form-field-conocimientos-1\" name=\"form_fields[conocimientos][]\"> <label for=\"form-field-conocimientos-1\">Care Domestic Service<\/label><\/span><\/div>\t\t\t\t<\/div>\n\t\t\t\t\t\t\t\t<div class=\"elementor-field-type-acceptance elementor-field-group elementor-column elementor-field-group-consentimiento elementor-col-100 elementor-field-required\">\n\t\t\t\t\t\t\t\t\t\t\t\t<label for=\"form-field-consentimiento\" class=\"elementor-field-label\">\n\t\t\t\t\t\t\t\tConsent\t\t\t\t\t\t\t<\/label>\n\t\t\t\t\t\t\t\t<div class=\"elementor-field-subgroup\">\n\t\t\t<span class=\"elementor-field-option\">\n\t\t\t\t<input type=\"checkbox\" name=\"form_fields[consentimiento]\" id=\"form-field-consentimiento\" class=\"elementor-field elementor-size-sm  elementor-acceptance-field\" required=\"required\" aria-required=\"true\">\n\t\t\t\t<label for=\"form-field-consentimiento\"><a href=\"https:\/\/cuidandoteserviciosauxiliares.com\/en\/privacy-policy\/\">Read here Privacy Policy<\/a>.<\/br>I accept the privacy policy and the processing of my data by Cuidte Servicios Auxiliares<\/label>\t\t\t<\/span>\n\t\t<\/div>\n\t\t\t\t\t\t<\/div>\n\t\t\t\t\t\t\t\t<div class=\"elementor-field-type-recaptcha_v3 elementor-field-group elementor-column elementor-field-group-field_1fcaedf elementor-col-100 recaptcha_v3-inline\">\n\t\t\t\t\t<div class=\"elementor-field\" id=\"form-field-field_1fcaedf\"><div class=\"elementor-g-recaptcha\" data-sitekey=\"6Lfvf5IqAAAAAByIVEpMEgpRprZActqCrQZ3SBet\" data-type=\"v3\" data-action=\"Form\" data-badge=\"inline\" data-size=\"invisible\"><\/div><\/div>\t\t\t\t<\/div>\n\t\t\t\t\t\t\t\t<div class=\"elementor-field-group elementor-column elementor-field-type-submit elementor-col-100 e-form__buttons\">\n\t\t\t\t\t<button class=\"elementor-button elementor-size-sm\" type=\"submit\">\n\t\t\t\t\t\t<span class=\"elementor-button-content-wrapper\">\n\t\t\t\t\t\t\t\t\t\t\t\t\t\t\t\t\t\t\t\t\t\t<span class=\"elementor-button-text\">Send<\/span>\n\t\t\t\t\t\t\t\t\t\t\t\t\t<\/span>\n\t\t\t\t\t<\/button>\n\t\t\t\t<\/div>\n\t\t\t<\/div>\n\t\t<\/form>\n\t\t\t\t\t\t<\/div>\n\t\t\t\t<\/div>\n\t\t\t\t<\/div>\n\t\t<div class=\"elementor-element elementor-element-ae2d049 e-con-full e-flex e-con e-child\" data-id=\"ae2d049\" data-element_type=\"container\">\n\t\t\t\t<\/div>\n\t\t\t\t\t<\/div>\n\t\t\t\t<\/div>\n\t\t\t\t<\/div>\n\t\t","protected":false},"excerpt":{"rendered":"<p>Work with us Are you looking for a job as a domestic worker? Do you have experience caring for the elderly? If the answer to these questions is Yes, please contact us. Fill out the form below and we will get back to you as soon as possible<\/p>\n","protected":false},"author":1,"featured_media":0,"parent":0,"menu_order":0,"comment_status":"closed","ping_status":"closed","template":"","meta":{"footnotes":""},"folder":[46],"class_list":["post-7403","page","type-page","status-publish","hentry"],"yoast_head":"<!-- This site is optimized with the Yoast SEO plugin v26.4 - https:\/\/yoast.com\/wordpress\/plugins\/seo\/ -->\n<title>Empleo cuidadores de personas mayores | Cuid\u00e1ndote<\/title>\n<meta name=\"description\" content=\"\u00danete a nuestro equipo de sociosanitarios. Empleo cuidadores de personas mayores y dependientes. Deja tus datos en el formulario de contacto.\" \/>\n<meta name=\"robots\" content=\"index, follow, max-snippet:-1, max-image-preview:large, max-video-preview:-1\" \/>\n<link rel=\"canonical\" href=\"https:\/\/cuidandoteserviciosauxiliares.com\/en\/work-with-us\/\" \/>\n<meta property=\"og:locale\" content=\"en_US\" \/>\n<meta property=\"og:type\" content=\"article\" \/>\n<meta property=\"og:title\" content=\"Empleo cuidadores de personas mayores | Cuid\u00e1ndote\" \/>\n<meta property=\"og:description\" content=\"\u00danete a nuestro equipo de sociosanitarios. Empleo cuidadores de personas mayores y dependientes. Deja tus datos en el formulario de contacto.\" \/>\n<meta property=\"og:url\" content=\"https:\/\/cuidandoteserviciosauxiliares.com\/en\/work-with-us\/\" \/>\n<meta property=\"og:site_name\" content=\"Cuidadores de personas mayores en Madrid | Servicio a domicilio profesional y avalado\" \/>\n<meta property=\"article:publisher\" content=\"https:\/\/www.facebook.com\/share\/1QYZcUvNFk\/?mibextid=wwXIfr\" \/>\n<meta property=\"article:modified_time\" content=\"2025-09-29T07:16:53+00:00\" \/>\n<meta property=\"og:image\" content=\"https:\/\/cuidandoteserviciosauxiliares.com\/wp-content\/uploads\/2024\/04\/DSCF7840.jpg\" \/>\n\t<meta property=\"og:image:width\" content=\"1920\" \/>\n\t<meta property=\"og:image:height\" content=\"1230\" \/>\n\t<meta property=\"og:image:type\" content=\"image\/jpeg\" \/>\n<meta name=\"twitter:card\" content=\"summary_large_image\" \/>\n<script type=\"application\/ld+json\" class=\"yoast-schema-graph\">{\"@context\":\"https:\/\/schema.org\",\"@graph\":[{\"@type\":\"WebPage\",\"@id\":\"https:\/\/cuidandoteserviciosauxiliares.com\/en\/work-with-us\/\",\"url\":\"https:\/\/cuidandoteserviciosauxiliares.com\/en\/work-with-us\/\",\"name\":\"Empleo cuidadores de personas mayores | Cuid\u00e1ndote\",\"isPartOf\":{\"@id\":\"https:\/\/cuidandoteserviciosauxiliares.com\/en\/#website\"},\"primaryImageOfPage\":{\"@id\":\"https:\/\/cuidandoteserviciosauxiliares.com\/en\/work-with-us\/#primaryimage\"},\"image\":{\"@id\":\"https:\/\/cuidandoteserviciosauxiliares.com\/en\/work-with-us\/#primaryimage\"},\"thumbnailUrl\":\"https:\/\/cuidandoteserviciosauxiliares.com\/wp-content\/uploads\/2024\/04\/DSCF7840-1024x656.jpg\",\"datePublished\":\"2024-09-18T20:21:23+00:00\",\"dateModified\":\"2025-09-29T07:16:53+00:00\",\"description\":\"\u00danete a nuestro equipo de sociosanitarios. Empleo cuidadores de personas mayores y dependientes. Deja tus datos en el formulario de contacto.\",\"breadcrumb\":{\"@id\":\"https:\/\/cuidandoteserviciosauxiliares.com\/en\/work-with-us\/#breadcrumb\"},\"inLanguage\":\"en-US\",\"potentialAction\":[{\"@type\":\"ReadAction\",\"target\":[\"https:\/\/cuidandoteserviciosauxiliares.com\/en\/work-with-us\/\"]}]},{\"@type\":\"ImageObject\",\"inLanguage\":\"en-US\",\"@id\":\"https:\/\/cuidandoteserviciosauxiliares.com\/en\/work-with-us\/#primaryimage\",\"url\":\"https:\/\/cuidandoteserviciosauxiliares.com\/wp-content\/uploads\/2024\/04\/DSCF7840-1024x656.jpg\",\"contentUrl\":\"https:\/\/cuidandoteserviciosauxiliares.com\/wp-content\/uploads\/2024\/04\/DSCF7840-1024x656.jpg\"},{\"@type\":\"BreadcrumbList\",\"@id\":\"https:\/\/cuidandoteserviciosauxiliares.com\/en\/work-with-us\/#breadcrumb\",\"itemListElement\":[{\"@type\":\"ListItem\",\"position\":1,\"name\":\"Portada\",\"item\":\"https:\/\/cuidandoteserviciosauxiliares.com\/en\/\"},{\"@type\":\"ListItem\",\"position\":2,\"name\":\"Work with us\"}]},{\"@type\":\"WebSite\",\"@id\":\"https:\/\/cuidandoteserviciosauxiliares.com\/en\/#website\",\"url\":\"https:\/\/cuidandoteserviciosauxiliares.com\/en\/\",\"name\":\"Cuid\u00e1ndote Servicios Auxiliares\",\"description\":\"Cuid\u00e1ndote Servicios Auxiliares ofrece cuidadores profesionales de personas ancianas en Madrid. Atenci\u00f3n domiciliaria, acompa\u00f1amiento, higiene, ayuda a la movilidad y apoyo emocional, avalados por la Comunidad de Madrid. Contacta para una valoraci\u00f3n gratuita.\",\"publisher\":{\"@id\":\"https:\/\/cuidandoteserviciosauxiliares.com\/en\/#organization\"},\"potentialAction\":[{\"@type\":\"SearchAction\",\"target\":{\"@type\":\"EntryPoint\",\"urlTemplate\":\"https:\/\/cuidandoteserviciosauxiliares.com\/en\/?s={search_term_string}\"},\"query-input\":{\"@type\":\"PropertyValueSpecification\",\"valueRequired\":true,\"valueName\":\"search_term_string\"}}],\"inLanguage\":\"en-US\"},{\"@type\":\"Organization\",\"@id\":\"https:\/\/cuidandoteserviciosauxiliares.com\/en\/#organization\",\"name\":\"Cuid\u00e1ndote Servicios Auxiliares\",\"url\":\"https:\/\/cuidandoteserviciosauxiliares.com\/en\/\",\"logo\":{\"@type\":\"ImageObject\",\"inLanguage\":\"en-US\",\"@id\":\"https:\/\/cuidandoteserviciosauxiliares.com\/en\/#\/schema\/logo\/image\/\",\"url\":\"https:\/\/cuidandoteserviciosauxiliares.com\/wp-content\/uploads\/2024\/04\/cuidandote-logo-servicios-auxiliares-1.png\",\"contentUrl\":\"https:\/\/cuidandoteserviciosauxiliares.com\/wp-content\/uploads\/2024\/04\/cuidandote-logo-servicios-auxiliares-1.png\",\"width\":220,\"height\":220,\"caption\":\"Cuid\u00e1ndote Servicios Auxiliares\"},\"image\":{\"@id\":\"https:\/\/cuidandoteserviciosauxiliares.com\/en\/#\/schema\/logo\/image\/\"},\"sameAs\":[\"https:\/\/www.facebook.com\/share\/1QYZcUvNFk\/?mibextid=wwXIfr\",\"https:\/\/www.instagram.com\/cuidandoteserviciosauxiliares\/\"]}]}<\/script>\n<!-- \/ Yoast SEO plugin. -->","yoast_head_json":{"title":"Empleo cuidadores de personas mayores | Cuid\u00e1ndote","description":"\u00danete a nuestro equipo de sociosanitarios. Empleo cuidadores de personas mayores y dependientes. Deja tus datos en el formulario de contacto.","robots":{"index":"index","follow":"follow","max-snippet":"max-snippet:-1","max-image-preview":"max-image-preview:large","max-video-preview":"max-video-preview:-1"},"canonical":"https:\/\/cuidandoteserviciosauxiliares.com\/en\/work-with-us\/","og_locale":"en_US","og_type":"article","og_title":"Empleo cuidadores de personas mayores | Cuid\u00e1ndote","og_description":"\u00danete a nuestro equipo de sociosanitarios. Empleo cuidadores de personas mayores y dependientes. Deja tus datos en el formulario de contacto.","og_url":"https:\/\/cuidandoteserviciosauxiliares.com\/en\/work-with-us\/","og_site_name":"Cuidadores de personas mayores en Madrid | Servicio a domicilio profesional y avalado","article_publisher":"https:\/\/www.facebook.com\/share\/1QYZcUvNFk\/?mibextid=wwXIfr","article_modified_time":"2025-09-29T07:16:53+00:00","og_image":[{"width":1920,"height":1230,"url":"https:\/\/cuidandoteserviciosauxiliares.com\/wp-content\/uploads\/2024\/04\/DSCF7840.jpg","type":"image\/jpeg"}],"twitter_card":"summary_large_image","schema":{"@context":"https:\/\/schema.org","@graph":[{"@type":"WebPage","@id":"https:\/\/cuidandoteserviciosauxiliares.com\/en\/work-with-us\/","url":"https:\/\/cuidandoteserviciosauxiliares.com\/en\/work-with-us\/","name":"Empleo cuidadores de personas mayores | Cuid\u00e1ndote","isPartOf":{"@id":"https:\/\/cuidandoteserviciosauxiliares.com\/en\/#website"},"primaryImageOfPage":{"@id":"https:\/\/cuidandoteserviciosauxiliares.com\/en\/work-with-us\/#primaryimage"},"image":{"@id":"https:\/\/cuidandoteserviciosauxiliares.com\/en\/work-with-us\/#primaryimage"},"thumbnailUrl":"https:\/\/cuidandoteserviciosauxiliares.com\/wp-content\/uploads\/2024\/04\/DSCF7840-1024x656.jpg","datePublished":"2024-09-18T20:21:23+00:00","dateModified":"2025-09-29T07:16:53+00:00","description":"\u00danete a nuestro equipo de sociosanitarios. Empleo cuidadores de personas mayores y dependientes. Deja tus datos en el formulario de contacto.","breadcrumb":{"@id":"https:\/\/cuidandoteserviciosauxiliares.com\/en\/work-with-us\/#breadcrumb"},"inLanguage":"en-US","potentialAction":[{"@type":"ReadAction","target":["https:\/\/cuidandoteserviciosauxiliares.com\/en\/work-with-us\/"]}]},{"@type":"ImageObject","inLanguage":"en-US","@id":"https:\/\/cuidandoteserviciosauxiliares.com\/en\/work-with-us\/#primaryimage","url":"https:\/\/cuidandoteserviciosauxiliares.com\/wp-content\/uploads\/2024\/04\/DSCF7840-1024x656.jpg","contentUrl":"https:\/\/cuidandoteserviciosauxiliares.com\/wp-content\/uploads\/2024\/04\/DSCF7840-1024x656.jpg"},{"@type":"BreadcrumbList","@id":"https:\/\/cuidandoteserviciosauxiliares.com\/en\/work-with-us\/#breadcrumb","itemListElement":[{"@type":"ListItem","position":1,"name":"Portada","item":"https:\/\/cuidandoteserviciosauxiliares.com\/en\/"},{"@type":"ListItem","position":2,"name":"Work with us"}]},{"@type":"WebSite","@id":"https:\/\/cuidandoteserviciosauxiliares.com\/en\/#website","url":"https:\/\/cuidandoteserviciosauxiliares.com\/en\/","name":"Cuid\u00e1ndote Servicios Auxiliares","description":"Cuid\u00e1ndote Servicios Auxiliares ofrece cuidadores profesionales de personas ancianas en Madrid. Atenci\u00f3n domiciliaria, acompa\u00f1amiento, higiene, ayuda a la movilidad y apoyo emocional, avalados por la Comunidad de Madrid. Contacta para una valoraci\u00f3n gratuita.","publisher":{"@id":"https:\/\/cuidandoteserviciosauxiliares.com\/en\/#organization"},"potentialAction":[{"@type":"SearchAction","target":{"@type":"EntryPoint","urlTemplate":"https:\/\/cuidandoteserviciosauxiliares.com\/en\/?s={search_term_string}"},"query-input":{"@type":"PropertyValueSpecification","valueRequired":true,"valueName":"search_term_string"}}],"inLanguage":"en-US"},{"@type":"Organization","@id":"https:\/\/cuidandoteserviciosauxiliares.com\/en\/#organization","name":"Cuid\u00e1ndote Servicios Auxiliares","url":"https:\/\/cuidandoteserviciosauxiliares.com\/en\/","logo":{"@type":"ImageObject","inLanguage":"en-US","@id":"https:\/\/cuidandoteserviciosauxiliares.com\/en\/#\/schema\/logo\/image\/","url":"https:\/\/cuidandoteserviciosauxiliares.com\/wp-content\/uploads\/2024\/04\/cuidandote-logo-servicios-auxiliares-1.png","contentUrl":"https:\/\/cuidandoteserviciosauxiliares.com\/wp-content\/uploads\/2024\/04\/cuidandote-logo-servicios-auxiliares-1.png","width":220,"height":220,"caption":"Cuid\u00e1ndote Servicios Auxiliares"},"image":{"@id":"https:\/\/cuidandoteserviciosauxiliares.com\/en\/#\/schema\/logo\/image\/"},"sameAs":["https:\/\/www.facebook.com\/share\/1QYZcUvNFk\/?mibextid=wwXIfr","https:\/\/www.instagram.com\/cuidandoteserviciosauxiliares\/"]}]}},"_links":{"self":[{"href":"https:\/\/cuidandoteserviciosauxiliares.com\/en\/wp-json\/wp\/v2\/pages\/7403","targetHints":{"allow":["GET"]}}],"collection":[{"href":"https:\/\/cuidandoteserviciosauxiliares.com\/en\/wp-json\/wp\/v2\/pages"}],"about":[{"href":"https:\/\/cuidandoteserviciosauxiliares.com\/en\/wp-json\/wp\/v2\/types\/page"}],"author":[{"embeddable":true,"href":"https:\/\/cuidandoteserviciosauxiliares.com\/en\/wp-json\/wp\/v2\/users\/1"}],"replies":[{"embeddable":true,"href":"https:\/\/cuidandoteserviciosauxiliares.com\/en\/wp-json\/wp\/v2\/comments?post=7403"}],"version-history":[{"count":1,"href":"https:\/\/cuidandoteserviciosauxiliares.com\/en\/wp-json\/wp\/v2\/pages\/7403\/revisions"}],"predecessor-version":[{"id":7405,"href":"https:\/\/cuidandoteserviciosauxiliares.com\/en\/wp-json\/wp\/v2\/pages\/7403\/revisions\/7405"}],"wp:attachment":[{"href":"https:\/\/cuidandoteserviciosauxiliares.com\/en\/wp-json\/wp\/v2\/media?parent=7403"}],"wp:term":[{"taxonomy":"folder","embeddable":true,"href":"https:\/\/cuidandoteserviciosauxiliares.com\/en\/wp-json\/wp\/v2\/folder?post=7403"}],"curies":[{"name":"wp","href":"https:\/\/api.w.org\/{rel}","templated":true}]}}