{"id":7375,"date":"2024-04-16T22:23:46","date_gmt":"2024-04-16T22:23:46","guid":{"rendered":"https:\/\/cuidandoteserviciosauxiliares.com\/privacy-policy\/"},"modified":"2025-09-29T07:11:24","modified_gmt":"2025-09-29T07:11:24","slug":"privacy-policy","status":"publish","type":"page","link":"https:\/\/cuidandoteserviciosauxiliares.com\/en\/privacy-policy\/","title":{"rendered":"Privacy Policy"},"content":{"rendered":"\t\t<div data-elementor-type=\"wp-page\" data-elementor-id=\"7375\" class=\"elementor elementor-7375 elementor-242\" data-elementor-post-type=\"page\">\n\t\t\t\t<div class=\"elementor-element elementor-element-e5e7faa e-con-full e-flex e-con e-parent\" data-id=\"e5e7faa\" data-element_type=\"container\">\n\t\t<div class=\"elementor-element elementor-element-c4f3ac9 e-con-full e-flex e-con e-child\" data-id=\"c4f3ac9\" data-element_type=\"container\">\n\t\t\t\t<\/div>\n\t\t<div class=\"elementor-element elementor-element-2269440 e-con-full e-flex e-con e-child\" data-id=\"2269440\" data-element_type=\"container\">\n\t\t\t\t<div class=\"elementor-element elementor-element-507809d elementor-widget elementor-widget-text-editor\" data-id=\"507809d\" data-element_type=\"widget\" data-widget_type=\"text-editor.default\">\n\t\t\t\t<div class=\"elementor-widget-container\">\n\t\t\t\t\t\t\t\t\t<p>This Privacy Policy sets out the terms on which we use and protect the information you provide to us through this website and our contact channels.<br><br><strong>We are committed to the security of our users&#8217; data.<\/strong><br><strong>The personal information collected in the contact form or in telephone calls will be used exclusively in accordance with the terms of this document. This Privacy Policy may change over time or be updated so we encourage you to review it periodically. <br><br><\/strong>Below we inform you of the details of our privacy policy in compliance with Regulation 2016\/659 on the protection of personal data and Organic Law 3\/2018 of 5 December on the Protection of Personal Data and guarantee. of digital rights. <\/p>\t\t\t\t\t\t\t\t<\/div>\n\t\t\t\t<\/div>\n\t\t\t\t<div class=\"elementor-element elementor-element-ff08886 elementor-widget elementor-widget-heading\" data-id=\"ff08886\" data-element_type=\"widget\" data-widget_type=\"heading.default\">\n\t\t\t\t<div class=\"elementor-widget-container\">\n\t\t\t\t\t<h2 class=\"elementor-heading-title elementor-size-default\">Data Controller<\/h2>\t\t\t\t<\/div>\n\t\t\t\t<\/div>\n\t\t\t\t<div class=\"elementor-element elementor-element-32e6fd3 elementor-widget elementor-widget-text-editor\" data-id=\"32e6fd3\" data-element_type=\"widget\" data-widget_type=\"text-editor.default\">\n\t\t\t\t<div class=\"elementor-widget-container\">\n\t\t\t\t\t\t\t\t\t<p>\u2013 Company Name: Pablo Torres Mart\u00ednez<\/p><p>\u2013 Address: Calle Alfonso Senra 21, 28440 Guadarrama Madrid<\/p><p>\u2013 Phone: 611257643 \/ 911 23 31 72<br><br>\u2013 Email: info@cuidandoteserviciosauxiliares.com<\/p>\t\t\t\t\t\t\t\t<\/div>\n\t\t\t\t<\/div>\n\t\t\t\t<div class=\"elementor-element elementor-element-3210fff elementor-widget elementor-widget-heading\" data-id=\"3210fff\" data-element_type=\"widget\" data-widget_type=\"heading.default\">\n\t\t\t\t<div class=\"elementor-widget-container\">\n\t\t\t\t\t<h2 class=\"elementor-heading-title elementor-size-default\">Information that is collected<\/h2>\t\t\t\t<\/div>\n\t\t\t\t<\/div>\n\t\t\t\t<div class=\"elementor-element elementor-element-9ad3c96 elementor-widget elementor-widget-heading\" data-id=\"9ad3c96\" data-element_type=\"widget\" data-widget_type=\"heading.default\">\n\t\t\t\t<div class=\"elementor-widget-container\">\n\t\t\t\t\t<h4 class=\"elementor-heading-title elementor-size-default\">If you are a customer<\/h4>\t\t\t\t<\/div>\n\t\t\t\t<\/div>\n\t\t\t\t<div class=\"elementor-element elementor-element-6615b6c elementor-widget elementor-widget-text-editor\" data-id=\"6615b6c\" data-element_type=\"widget\" data-widget_type=\"text-editor.default\">\n\t\t\t\t<div class=\"elementor-widget-container\">\n\t\t\t\t\t\t\t\t\tOur website through the forms will collect personal information such as: name, contact information such as your email address, your mobile phone number and demographic and personal information. In addition, additional personal and family information will be collected by telephone. Your mobile phone number will also be collected if you contact us via Whatsapp, in addition to the personal information derived from communication through this means in order to carry out our services  \t\t\t\t\t\t\t\t<\/div>\n\t\t\t\t<\/div>\n\t\t\t\t<div class=\"elementor-element elementor-element-143b65b elementor-widget elementor-widget-heading\" data-id=\"143b65b\" data-element_type=\"widget\" data-widget_type=\"heading.default\">\n\t\t\t\t<div class=\"elementor-widget-container\">\n\t\t\t\t\t<h4 class=\"elementor-heading-title elementor-size-default\">If you are a worker<\/h4>\t\t\t\t<\/div>\n\t\t\t\t<\/div>\n\t\t\t\t<div class=\"elementor-element elementor-element-8ce42ae elementor-widget elementor-widget-text-editor\" data-id=\"8ce42ae\" data-element_type=\"widget\" data-widget_type=\"text-editor.default\">\n\t\t\t\t<div class=\"elementor-widget-container\">\n\t\t\t\t\t\t\t\t\tOur website through the forms may collect personal information such as: name, contact information such as your email address, mobile phone, your CV and your job interest. In addition, additional personal, professional and family information will be collected by telephone and in the personal interview. Your mobile phone number will also be collected if you contact us via Whatsapp, in addition to the personal information derived from communication through this means in order to carry out our services.  \t\t\t\t\t\t\t\t<\/div>\n\t\t\t\t<\/div>\n\t\t\t\t<div class=\"elementor-element elementor-element-daf5854 elementor-widget elementor-widget-heading\" data-id=\"daf5854\" data-element_type=\"widget\" data-widget_type=\"heading.default\">\n\t\t\t\t<div class=\"elementor-widget-container\">\n\t\t\t\t\t<h4 class=\"elementor-heading-title elementor-size-default\">Purpose of the collection and processing of your data\n<\/h4>\t\t\t\t<\/div>\n\t\t\t\t<\/div>\n\t\t\t\t<div class=\"elementor-element elementor-element-99786e3 elementor-widget elementor-widget-text-editor\" data-id=\"99786e3\" data-element_type=\"widget\" data-widget_type=\"text-editor.default\">\n\t\t\t\t<div class=\"elementor-widget-container\">\n\t\t\t\t\t\t\t\t\tOur website <a style=\"color: #046ca5;\" href=\"http:\/\/www.cuidandoteserviciosauxiliares.com\">www.cuidandoteserviciosauxiliares.com<\/a> uses the information in order to  <strong>provide the best possible service. The legal basis for processing this data is the consent of the data subject or legitimate interest. <\/strong>\t\t\t\t\t\t\t\t<\/div>\n\t\t\t\t<\/div>\n\t\t\t\t<div class=\"elementor-element elementor-element-8c1c61c elementor-widget elementor-widget-heading\" data-id=\"8c1c61c\" data-element_type=\"widget\" data-widget_type=\"heading.default\">\n\t\t\t\t<div class=\"elementor-widget-container\">\n\t\t\t\t\t<h4 class=\"elementor-heading-title elementor-size-default\">If you are a customer<\/h4>\t\t\t\t<\/div>\n\t\t\t\t<\/div>\n\t\t\t\t<div class=\"elementor-element elementor-element-67695cf elementor-widget elementor-widget-text-editor\" data-id=\"67695cf\" data-element_type=\"widget\" data-widget_type=\"text-editor.default\">\n\t\t\t\t<div class=\"elementor-widget-container\">\n\t\t\t\t\t\t\t\t\tThe purpose of the collection and processing of your data will be to provide you with our services of selecting the appropriate personnel for the request requested.\t\t\t\t\t\t\t\t<\/div>\n\t\t\t\t<\/div>\n\t\t\t\t<div class=\"elementor-element elementor-element-1db3e8d elementor-widget elementor-widget-heading\" data-id=\"1db3e8d\" data-element_type=\"widget\" data-widget_type=\"heading.default\">\n\t\t\t\t<div class=\"elementor-widget-container\">\n\t\t\t\t\t<h4 class=\"elementor-heading-title elementor-size-default\">If you are a worker<\/h4>\t\t\t\t<\/div>\n\t\t\t\t<\/div>\n\t\t\t\t<div class=\"elementor-element elementor-element-9f274ac elementor-widget elementor-widget-text-editor\" data-id=\"9f274ac\" data-element_type=\"widget\" data-widget_type=\"text-editor.default\">\n\t\t\t\t<div class=\"elementor-widget-container\">\n\t\t\t\t\t\t\t\t\t<p>The purpose of the collection and processing of your data will be to be able to include you in our job bank in order to offer you a job appropriate to your characteristics and experience.<br>The personal and family information that you provide to us through telephone, email or web is <strong>absolutely confidential<\/strong> and in no case may it be shared with third parties. <strong>We are highly committed to the security of your information.<\/strong><\/p>\t\t\t\t\t\t\t\t<\/div>\n\t\t\t\t<\/div>\n\t\t\t\t<div class=\"elementor-element elementor-element-ca5053b elementor-widget elementor-widget-heading\" data-id=\"ca5053b\" data-element_type=\"widget\" data-widget_type=\"heading.default\">\n\t\t\t\t<div class=\"elementor-widget-container\">\n\t\t\t\t\t<h2 class=\"elementor-heading-title elementor-size-default\">Retention of your data<\/h2>\t\t\t\t<\/div>\n\t\t\t\t<\/div>\n\t\t\t\t<div class=\"elementor-element elementor-element-6659cc4 elementor-widget elementor-widget-text-editor\" data-id=\"6659cc4\" data-element_type=\"widget\" data-widget_type=\"text-editor.default\">\n\t\t\t\t<div class=\"elementor-widget-container\">\n\t\t\t\t\t\t\t\t\t<p>Personal data will be kept as long as the interested party does not request their deletion and for the legally established periods.<br><br>The candidates&#8217; personal data and CV will be kept as long as the selection process is still open and the interested party does not request their deletion.<\/p>\t\t\t\t\t\t\t\t<\/div>\n\t\t\t\t<\/div>\n\t\t\t\t<div class=\"elementor-element elementor-element-d0fd6af elementor-widget elementor-widget-heading\" data-id=\"d0fd6af\" data-element_type=\"widget\" data-widget_type=\"heading.default\">\n\t\t\t\t<div class=\"elementor-widget-container\">\n\t\t\t\t\t<h2 class=\"elementor-heading-title elementor-size-default\">User Rights and Control of Information<\/h2>\t\t\t\t<\/div>\n\t\t\t\t<\/div>\n\t\t\t\t<div class=\"elementor-element elementor-element-8f4e527 elementor-widget elementor-widget-text-editor\" data-id=\"8f4e527\" data-element_type=\"widget\" data-widget_type=\"text-editor.default\">\n\t\t\t\t<div class=\"elementor-widget-container\">\n\t\t\t\t\t\t\t\t\tYou have the right to access, rectify, limit, delete and object to the processing of your data. For any of these actions please contact us through our email (info@cuidandoteserviciosauxiliares.com), you can also call us at 611257643 \/ 911 23 31 72. \t\t\t\t\t\t\t\t<\/div>\n\t\t\t\t<\/div>\n\t\t\t\t<div class=\"elementor-element elementor-element-952b0d9 elementor-widget elementor-widget-heading\" data-id=\"952b0d9\" data-element_type=\"widget\" data-widget_type=\"heading.default\">\n\t\t\t\t<div class=\"elementor-widget-container\">\n\t\t\t\t\t<h2 class=\"elementor-heading-title elementor-size-default\">Cookies<\/h2>\t\t\t\t<\/div>\n\t\t\t\t<\/div>\n\t\t\t\t<div class=\"elementor-element elementor-element-3f167a4 elementor-widget elementor-widget-text-editor\" data-id=\"3f167a4\" data-element_type=\"widget\" data-widget_type=\"text-editor.default\">\n\t\t\t\t<div class=\"elementor-widget-container\">\n\t\t\t\t\t\t\t\t\tThis website uses cookies, which as you know are small files that the website stores in your browser for the proper functioning of the website and to provide us with data on the use that users make of the site. Our cookie policy is available <a style=\"color: #046ca5;\" href=\"https:\/\/cuidandoteserviciosauxiliares.com\/madrid\/politica-de-cookies\/\"><b>here.<\/b><\/a> \t\t\t\t\t\t\t\t<\/div>\n\t\t\t\t<\/div>\n\t\t\t\t<div class=\"elementor-element elementor-element-96dbec7 elementor-widget elementor-widget-heading\" data-id=\"96dbec7\" data-element_type=\"widget\" data-widget_type=\"heading.default\">\n\t\t\t\t<div class=\"elementor-widget-container\">\n\t\t\t\t\t<h2 class=\"elementor-heading-title elementor-size-default\">Links to Third Parties<\/h2>\t\t\t\t<\/div>\n\t\t\t\t<\/div>\n\t\t\t\t<div class=\"elementor-element elementor-element-1fb1256 elementor-widget elementor-widget-text-editor\" data-id=\"1fb1256\" data-element_type=\"widget\" data-widget_type=\"text-editor.default\">\n\t\t\t\t<div class=\"elementor-widget-container\">\n\t\t\t\t\t\t\t\t\tThis website may contain links to other sites that may be of interest to you. Once you click on these links and leave our site, we no longer have control over the site to which you are redirected and therefore we are not responsible for the terms or privacy or protection of your data on those other third party sites. These sites are subject to their own privacy policies and are therefore recommended to be reviewed.  \t\t\t\t\t\t\t\t<\/div>\n\t\t\t\t<\/div>\n\t\t\t\t<\/div>\n\t\t<div class=\"elementor-element elementor-element-6a5629c e-con-full e-flex e-con e-child\" data-id=\"6a5629c\" data-element_type=\"container\">\n\t\t\t\t<\/div>\n\t\t\t\t<\/div>\n\t\t\t\t<\/div>\n\t\t","protected":false},"excerpt":{"rendered":"<p>This Privacy Policy sets out the terms on which we use and protect the information you provide to us through this website and our contact channels. We are committed to the security of our users&#8217; data.The personal information collected in the contact form or in telephone calls will be used exclusively in accordance with the [&hellip;]<\/p>\n","protected":false},"author":1,"featured_media":0,"parent":0,"menu_order":0,"comment_status":"closed","ping_status":"closed","template":"","meta":{"footnotes":""},"folder":[46],"class_list":["post-7375","page","type-page","status-publish","hentry"],"yoast_head":"<!-- This site is optimized with the Yoast SEO plugin v26.4 - https:\/\/yoast.com\/wordpress\/plugins\/seo\/ -->\n<title>Privacy Policy Taking Care of You Auxiliary Services<\/title>\n<meta name=\"description\" content=\"Our Privacy Policy sets out the terms on which we use and protect the information you provide to us through this site.\" \/>\n<meta name=\"robots\" content=\"index, follow, max-snippet:-1, max-image-preview:large, max-video-preview:-1\" \/>\n<link rel=\"canonical\" href=\"https:\/\/cuidandoteserviciosauxiliares.com\/en\/privacy-policy\/\" \/>\n<meta property=\"og:locale\" content=\"en_US\" \/>\n<meta property=\"og:type\" content=\"article\" \/>\n<meta property=\"og:title\" content=\"Privacy Policy Taking Care of You Auxiliary Services\" \/>\n<meta property=\"og:description\" content=\"Our Privacy Policy sets out the terms on which we use and protect the information you provide to us through this site.\" \/>\n<meta property=\"og:url\" content=\"https:\/\/cuidandoteserviciosauxiliares.com\/en\/privacy-policy\/\" \/>\n<meta property=\"og:site_name\" content=\"Cuidadores de personas mayores en Madrid | Servicio a domicilio profesional y avalado\" \/>\n<meta property=\"article:publisher\" content=\"https:\/\/www.facebook.com\/share\/1QYZcUvNFk\/?mibextid=wwXIfr\" \/>\n<meta property=\"article:modified_time\" content=\"2025-09-29T07:11:24+00:00\" \/>\n<meta name=\"twitter:card\" content=\"summary_large_image\" \/>\n<meta name=\"twitter:label1\" content=\"Est. reading time\" \/>\n\t<meta name=\"twitter:data1\" content=\"3 minutes\" \/>\n<script type=\"application\/ld+json\" class=\"yoast-schema-graph\">{\"@context\":\"https:\/\/schema.org\",\"@graph\":[{\"@type\":\"WebPage\",\"@id\":\"https:\/\/cuidandoteserviciosauxiliares.com\/en\/privacy-policy\/\",\"url\":\"https:\/\/cuidandoteserviciosauxiliares.com\/en\/privacy-policy\/\",\"name\":\"Privacy Policy Taking Care of You Auxiliary Services\",\"isPartOf\":{\"@id\":\"https:\/\/cuidandoteserviciosauxiliares.com\/en\/#website\"},\"datePublished\":\"2024-04-16T22:23:46+00:00\",\"dateModified\":\"2025-09-29T07:11:24+00:00\",\"description\":\"Our Privacy Policy sets out the terms on which we use and protect the information you provide to us through this site.\",\"breadcrumb\":{\"@id\":\"https:\/\/cuidandoteserviciosauxiliares.com\/en\/privacy-policy\/#breadcrumb\"},\"inLanguage\":\"en-US\",\"potentialAction\":[{\"@type\":\"ReadAction\",\"target\":[\"https:\/\/cuidandoteserviciosauxiliares.com\/en\/privacy-policy\/\"]}]},{\"@type\":\"BreadcrumbList\",\"@id\":\"https:\/\/cuidandoteserviciosauxiliares.com\/en\/privacy-policy\/#breadcrumb\",\"itemListElement\":[{\"@type\":\"ListItem\",\"position\":1,\"name\":\"Portada\",\"item\":\"https:\/\/cuidandoteserviciosauxiliares.com\/en\/\"},{\"@type\":\"ListItem\",\"position\":2,\"name\":\"Privacy Policy\"}]},{\"@type\":\"WebSite\",\"@id\":\"https:\/\/cuidandoteserviciosauxiliares.com\/en\/#website\",\"url\":\"https:\/\/cuidandoteserviciosauxiliares.com\/en\/\",\"name\":\"Cuid\u00e1ndote Servicios Auxiliares\",\"description\":\"Cuid\u00e1ndote Servicios Auxiliares ofrece cuidadores profesionales de personas ancianas en Madrid. Atenci\u00f3n domiciliaria, acompa\u00f1amiento, higiene, ayuda a la movilidad y apoyo emocional, avalados por la Comunidad de Madrid. Contacta para una valoraci\u00f3n gratuita.\",\"publisher\":{\"@id\":\"https:\/\/cuidandoteserviciosauxiliares.com\/en\/#organization\"},\"potentialAction\":[{\"@type\":\"SearchAction\",\"target\":{\"@type\":\"EntryPoint\",\"urlTemplate\":\"https:\/\/cuidandoteserviciosauxiliares.com\/en\/?s={search_term_string}\"},\"query-input\":{\"@type\":\"PropertyValueSpecification\",\"valueRequired\":true,\"valueName\":\"search_term_string\"}}],\"inLanguage\":\"en-US\"},{\"@type\":\"Organization\",\"@id\":\"https:\/\/cuidandoteserviciosauxiliares.com\/en\/#organization\",\"name\":\"Cuid\u00e1ndote Servicios Auxiliares\",\"url\":\"https:\/\/cuidandoteserviciosauxiliares.com\/en\/\",\"logo\":{\"@type\":\"ImageObject\",\"inLanguage\":\"en-US\",\"@id\":\"https:\/\/cuidandoteserviciosauxiliares.com\/en\/#\/schema\/logo\/image\/\",\"url\":\"https:\/\/cuidandoteserviciosauxiliares.com\/wp-content\/uploads\/2024\/04\/cuidandote-logo-servicios-auxiliares-1.png\",\"contentUrl\":\"https:\/\/cuidandoteserviciosauxiliares.com\/wp-content\/uploads\/2024\/04\/cuidandote-logo-servicios-auxiliares-1.png\",\"width\":220,\"height\":220,\"caption\":\"Cuid\u00e1ndote Servicios Auxiliares\"},\"image\":{\"@id\":\"https:\/\/cuidandoteserviciosauxiliares.com\/en\/#\/schema\/logo\/image\/\"},\"sameAs\":[\"https:\/\/www.facebook.com\/share\/1QYZcUvNFk\/?mibextid=wwXIfr\",\"https:\/\/www.instagram.com\/cuidandoteserviciosauxiliares\/\"]}]}<\/script>\n<!-- \/ Yoast SEO plugin. -->","yoast_head_json":{"title":"Privacy Policy Taking Care of You Auxiliary Services","description":"Our Privacy Policy sets out the terms on which we use and protect the information you provide to us through this site.","robots":{"index":"index","follow":"follow","max-snippet":"max-snippet:-1","max-image-preview":"max-image-preview:large","max-video-preview":"max-video-preview:-1"},"canonical":"https:\/\/cuidandoteserviciosauxiliares.com\/en\/privacy-policy\/","og_locale":"en_US","og_type":"article","og_title":"Privacy Policy Taking Care of You Auxiliary Services","og_description":"Our Privacy Policy sets out the terms on which we use and protect the information you provide to us through this site.","og_url":"https:\/\/cuidandoteserviciosauxiliares.com\/en\/privacy-policy\/","og_site_name":"Cuidadores de personas mayores en Madrid | Servicio a domicilio profesional y avalado","article_publisher":"https:\/\/www.facebook.com\/share\/1QYZcUvNFk\/?mibextid=wwXIfr","article_modified_time":"2025-09-29T07:11:24+00:00","twitter_card":"summary_large_image","twitter_misc":{"Est. reading time":"3 minutes"},"schema":{"@context":"https:\/\/schema.org","@graph":[{"@type":"WebPage","@id":"https:\/\/cuidandoteserviciosauxiliares.com\/en\/privacy-policy\/","url":"https:\/\/cuidandoteserviciosauxiliares.com\/en\/privacy-policy\/","name":"Privacy Policy Taking Care of You Auxiliary Services","isPartOf":{"@id":"https:\/\/cuidandoteserviciosauxiliares.com\/en\/#website"},"datePublished":"2024-04-16T22:23:46+00:00","dateModified":"2025-09-29T07:11:24+00:00","description":"Our Privacy Policy sets out the terms on which we use and protect the information you provide to us through this site.","breadcrumb":{"@id":"https:\/\/cuidandoteserviciosauxiliares.com\/en\/privacy-policy\/#breadcrumb"},"inLanguage":"en-US","potentialAction":[{"@type":"ReadAction","target":["https:\/\/cuidandoteserviciosauxiliares.com\/en\/privacy-policy\/"]}]},{"@type":"BreadcrumbList","@id":"https:\/\/cuidandoteserviciosauxiliares.com\/en\/privacy-policy\/#breadcrumb","itemListElement":[{"@type":"ListItem","position":1,"name":"Portada","item":"https:\/\/cuidandoteserviciosauxiliares.com\/en\/"},{"@type":"ListItem","position":2,"name":"Privacy Policy"}]},{"@type":"WebSite","@id":"https:\/\/cuidandoteserviciosauxiliares.com\/en\/#website","url":"https:\/\/cuidandoteserviciosauxiliares.com\/en\/","name":"Cuid\u00e1ndote Servicios Auxiliares","description":"Cuid\u00e1ndote Servicios Auxiliares ofrece cuidadores profesionales de personas ancianas en Madrid. Atenci\u00f3n domiciliaria, acompa\u00f1amiento, higiene, ayuda a la movilidad y apoyo emocional, avalados por la Comunidad de Madrid. Contacta para una valoraci\u00f3n gratuita.","publisher":{"@id":"https:\/\/cuidandoteserviciosauxiliares.com\/en\/#organization"},"potentialAction":[{"@type":"SearchAction","target":{"@type":"EntryPoint","urlTemplate":"https:\/\/cuidandoteserviciosauxiliares.com\/en\/?s={search_term_string}"},"query-input":{"@type":"PropertyValueSpecification","valueRequired":true,"valueName":"search_term_string"}}],"inLanguage":"en-US"},{"@type":"Organization","@id":"https:\/\/cuidandoteserviciosauxiliares.com\/en\/#organization","name":"Cuid\u00e1ndote Servicios Auxiliares","url":"https:\/\/cuidandoteserviciosauxiliares.com\/en\/","logo":{"@type":"ImageObject","inLanguage":"en-US","@id":"https:\/\/cuidandoteserviciosauxiliares.com\/en\/#\/schema\/logo\/image\/","url":"https:\/\/cuidandoteserviciosauxiliares.com\/wp-content\/uploads\/2024\/04\/cuidandote-logo-servicios-auxiliares-1.png","contentUrl":"https:\/\/cuidandoteserviciosauxiliares.com\/wp-content\/uploads\/2024\/04\/cuidandote-logo-servicios-auxiliares-1.png","width":220,"height":220,"caption":"Cuid\u00e1ndote Servicios Auxiliares"},"image":{"@id":"https:\/\/cuidandoteserviciosauxiliares.com\/en\/#\/schema\/logo\/image\/"},"sameAs":["https:\/\/www.facebook.com\/share\/1QYZcUvNFk\/?mibextid=wwXIfr","https:\/\/www.instagram.com\/cuidandoteserviciosauxiliares\/"]}]}},"_links":{"self":[{"href":"https:\/\/cuidandoteserviciosauxiliares.com\/en\/wp-json\/wp\/v2\/pages\/7375","targetHints":{"allow":["GET"]}}],"collection":[{"href":"https:\/\/cuidandoteserviciosauxiliares.com\/en\/wp-json\/wp\/v2\/pages"}],"about":[{"href":"https:\/\/cuidandoteserviciosauxiliares.com\/en\/wp-json\/wp\/v2\/types\/page"}],"author":[{"embeddable":true,"href":"https:\/\/cuidandoteserviciosauxiliares.com\/en\/wp-json\/wp\/v2\/users\/1"}],"replies":[{"embeddable":true,"href":"https:\/\/cuidandoteserviciosauxiliares.com\/en\/wp-json\/wp\/v2\/comments?post=7375"}],"version-history":[{"count":1,"href":"https:\/\/cuidandoteserviciosauxiliares.com\/en\/wp-json\/wp\/v2\/pages\/7375\/revisions"}],"predecessor-version":[{"id":7377,"href":"https:\/\/cuidandoteserviciosauxiliares.com\/en\/wp-json\/wp\/v2\/pages\/7375\/revisions\/7377"}],"wp:attachment":[{"href":"https:\/\/cuidandoteserviciosauxiliares.com\/en\/wp-json\/wp\/v2\/media?parent=7375"}],"wp:term":[{"taxonomy":"folder","embeddable":true,"href":"https:\/\/cuidandoteserviciosauxiliares.com\/en\/wp-json\/wp\/v2\/folder?post=7375"}],"curies":[{"name":"wp","href":"https:\/\/api.w.org\/{rel}","templated":true}]}}