{"id":7369,"date":"2024-04-16T22:23:21","date_gmt":"2024-04-16T22:23:21","guid":{"rendered":"https:\/\/cuidandoteserviciosauxiliares.com\/cookies-policy\/"},"modified":"2025-09-29T07:10:07","modified_gmt":"2025-09-29T07:10:07","slug":"cookies-policy","status":"publish","type":"page","link":"https:\/\/cuidandoteserviciosauxiliares.com\/en\/cookies-policy\/","title":{"rendered":"Cookies policy"},"content":{"rendered":"\t\t<div data-elementor-type=\"wp-page\" data-elementor-id=\"7369\" class=\"elementor elementor-7369 elementor-241\" data-elementor-post-type=\"page\">\n\t\t\t\t<div class=\"elementor-element elementor-element-97ea10d e-con-full e-flex e-con e-parent\" data-id=\"97ea10d\" data-element_type=\"container\">\n\t\t<div class=\"elementor-element elementor-element-50eabe9 e-con-full e-flex e-con e-child\" data-id=\"50eabe9\" data-element_type=\"container\">\n\t\t\t\t<\/div>\n\t\t<div class=\"elementor-element elementor-element-6b668d5 e-con-full e-flex e-con e-child\" data-id=\"6b668d5\" data-element_type=\"container\">\n\t\t\t\t<div class=\"elementor-element elementor-element-daafeba elementor-widget elementor-widget-heading\" data-id=\"daafeba\" data-element_type=\"widget\" data-widget_type=\"heading.default\">\n\t\t\t\t<div class=\"elementor-widget-container\">\n\t\t\t\t\t<h4 class=\"elementor-heading-title elementor-size-default\">What are cookies?<\/h4>\t\t\t\t<\/div>\n\t\t\t\t<\/div>\n\t\t\t\t<div class=\"elementor-element elementor-element-db2f1c7 elementor-widget elementor-widget-text-editor\" data-id=\"db2f1c7\" data-element_type=\"widget\" data-widget_type=\"text-editor.default\">\n\t\t\t\t<div class=\"elementor-widget-container\">\n\t\t\t\t\t\t\t\t\t<p>In English, the term &#8220;cookie&#8221; means cookie, but in the realm of web browsing, a &#8220;cookie&#8221; is something else entirely.<br>When you access our website, a small amount of text is stored in your device&#8217;s browser that is called a &#8220;cookie&#8221;. This text contains various information about your browsing, habits, preferences, content customizations, etc&#8230;<br>There are other technologies that work in a similar way and are also used to collect data about your browsing activity. We will call all of these technologies &#8220;cookies&#8221; together. Our specific uses of these technologies are described in this document.   <\/p>\t\t\t\t\t\t\t\t<\/div>\n\t\t\t\t<\/div>\n\t\t\t\t<div class=\"elementor-element elementor-element-d458b7e elementor-widget elementor-widget-heading\" data-id=\"d458b7e\" data-element_type=\"widget\" data-widget_type=\"heading.default\">\n\t\t\t\t<div class=\"elementor-widget-container\">\n\t\t\t\t\t<h4 class=\"elementor-heading-title elementor-size-default\">What are cookies used for on this website?\n<\/h4>\t\t\t\t<\/div>\n\t\t\t\t<\/div>\n\t\t\t\t<div class=\"elementor-element elementor-element-1105d04 elementor-widget elementor-widget-text-editor\" data-id=\"1105d04\" data-element_type=\"widget\" data-widget_type=\"text-editor.default\">\n\t\t\t\t<div class=\"elementor-widget-container\">\n\t\t\t\t\t\t\t\t\t<p>Cookies are an essential part of how our website works. The main purpose of our cookies is to improve your browsing experience. For example, to remember your preferences (language, country, etc.) during browsing and on future visits.<br>The information collected in cookies also allows us to improve the website, adapt it to your interests as a user, speed up the searches you make, etc. In certain cases, if we have obtained your prior informed consent, we may use cookies for other uses, such as to obtain information that allows us to show you advertising based on the analysis of your browsing habits.   <\/p>\t\t\t\t\t\t\t\t<\/div>\n\t\t\t\t<\/div>\n\t\t\t\t<div class=\"elementor-element elementor-element-ad59990 elementor-widget elementor-widget-heading\" data-id=\"ad59990\" data-element_type=\"widget\" data-widget_type=\"heading.default\">\n\t\t\t\t<div class=\"elementor-widget-container\">\n\t\t\t\t\t<h4 class=\"elementor-heading-title elementor-size-default\">Why are cookies NOT used on this website?\n<\/h4>\t\t\t\t<\/div>\n\t\t\t\t<\/div>\n\t\t\t\t<div class=\"elementor-element elementor-element-88f5d40 elementor-widget elementor-widget-text-editor\" data-id=\"88f5d40\" data-element_type=\"widget\" data-widget_type=\"text-editor.default\">\n\t\t\t\t<div class=\"elementor-widget-container\">\n\t\t\t\t\t\t\t\t\tThe cookies we use do not store sensitive personally identifiable information such as your name, address, password, etc.\t\t\t\t\t\t\t\t<\/div>\n\t\t\t\t<\/div>\n\t\t\t\t<div class=\"elementor-element elementor-element-fa51a2c elementor-widget elementor-widget-heading\" data-id=\"fa51a2c\" data-element_type=\"widget\" data-widget_type=\"heading.default\">\n\t\t\t\t<div class=\"elementor-widget-container\">\n\t\t\t\t\t<h4 class=\"elementor-heading-title elementor-size-default\">Who uses the information stored in cookies?<\/h4>\t\t\t\t<\/div>\n\t\t\t\t<\/div>\n\t\t\t\t<div class=\"elementor-element elementor-element-7ba1975 elementor-widget elementor-widget-text-editor\" data-id=\"7ba1975\" data-element_type=\"widget\" data-widget_type=\"text-editor.default\">\n\t\t\t\t<div class=\"elementor-widget-container\">\n\t\t\t\t\t\t\t\t\tThe information stored in cookies on our website is used exclusively by us, with the exception of those identified below as &#8216;third-party cookies&#8217;, which are used and managed by external entities that provide us with services that improve the user experience. For example, the statistics that are collected on the number of visits, the content that is liked the most, etc&#8230; it is managed by Google Analytics. \t\t\t\t\t\t\t\t<\/div>\n\t\t\t\t<\/div>\n\t\t\t\t<div class=\"elementor-element elementor-element-7ec0fcb elementor-widget elementor-widget-heading\" data-id=\"7ec0fcb\" data-element_type=\"widget\" data-widget_type=\"heading.default\">\n\t\t\t\t<div class=\"elementor-widget-container\">\n\t\t\t\t\t<h4 class=\"elementor-heading-title elementor-size-default\">How can I prevent the use of cookies on this website?<\/h4>\t\t\t\t<\/div>\n\t\t\t\t<\/div>\n\t\t\t\t<div class=\"elementor-element elementor-element-f705ae2 elementor-widget elementor-widget-text-editor\" data-id=\"f705ae2\" data-element_type=\"widget\" data-widget_type=\"text-editor.default\">\n\t\t\t\t<div class=\"elementor-widget-container\">\n\t\t\t\t\t\t\t\t\t<p>If you prefer to avoid the use of cookies, you can <strong>REJECT<\/strong> their use or you can <strong>CONFIGURE<\/strong> the ones you want to avoid and those you allow to be used (in this document we give you extended information about each type of cookie, its purpose, recipient, temporality, etc&#8230;).<br>If you have accepted them, we will not ask you again unless you delete the cookies on your device as described in the section below. If you want to revoke consent, you will need to delete your cookies and set them again. <\/p>\t\t\t\t\t\t\t\t<\/div>\n\t\t\t\t<\/div>\n\t\t\t\t<div class=\"elementor-element elementor-element-52b08e2 elementor-widget elementor-widget-heading\" data-id=\"52b08e2\" data-element_type=\"widget\" data-widget_type=\"heading.default\">\n\t\t\t\t<div class=\"elementor-widget-container\">\n\t\t\t\t\t<h4 class=\"elementor-heading-title elementor-size-default\">How do I disable and delete the use of cookies?<\/h4>\t\t\t\t<\/div>\n\t\t\t\t<\/div>\n\t\t\t\t<div class=\"elementor-element elementor-element-c902b3e elementor-widget elementor-widget-text-editor\" data-id=\"c902b3e\" data-element_type=\"widget\" data-widget_type=\"text-editor.default\">\n\t\t\t\t<div class=\"elementor-widget-container\">\n\t\t\t\t\t\t\t\t\t<p>To restrict, block or delete cookies on this website (and those used by third parties) you can do so, at any time, by modifying your browser settings.<br>Keep in mind that these settings are different in each browser, although it is common to find the cookie settings in the <strong>menu &#8216;Preferences&#8217;,<\/strong> <strong>&#8216;Tools&#8217;, &#8216;Options&#8217;<\/strong> and then in <strong>&#8220;Privacy and Security&#8221;<\/strong> or <strong>in &#8220;clear browsing data&#8221;,<\/strong> etc&#8230; For more details on the configuration of cookies in each browser, you can consult the &#8216;Help&#8217; menu of the browser.<\/p>\t\t\t\t\t\t\t\t<\/div>\n\t\t\t\t<\/div>\n\t\t\t\t<div class=\"elementor-element elementor-element-d305e2f elementor-widget elementor-widget-heading\" data-id=\"d305e2f\" data-element_type=\"widget\" data-widget_type=\"heading.default\">\n\t\t\t\t<div class=\"elementor-widget-container\">\n\t\t\t\t\t<h4 class=\"elementor-heading-title elementor-size-default\">Cookies used on this website<\/h4>\t\t\t\t<\/div>\n\t\t\t\t<\/div>\n\t\t\t\t<div class=\"elementor-element elementor-element-e70ddab elementor-widget elementor-widget-text-editor\" data-id=\"e70ddab\" data-element_type=\"widget\" data-widget_type=\"text-editor.default\">\n\t\t\t\t<div class=\"elementor-widget-container\">\n\t\t\t\t\t\t\t\t\t<p><span style=\"font-weight: 400;\">Following the guidelines of the Spanish Data Protection Agency, we proceed to detail the use of cookies by this website in order to inform you as accurately as possible. The number and type of cookies may vary over time, so we recommend that you be aware of the <\/span><\/p><p><span style=\"font-weight: 400;\">This website uses the following <\/span><b>first-party and necessary<\/b> cookies<span style=\"font-weight: 400;\">:<\/span><\/p><p><b>Session cookies<\/b><span style=\"font-weight: 400;\">, to ensure that users who write comments on the blog are humans and not automated applications. This is how spam is combated. <\/span><\/p><p><b>Consent registration cookies: <\/b><span style=\"font-weight: 400;\">our necessary cookies are used to record the user&#8217;s consent or rejection of cookies. <\/span><b>These cookies are necessary as we need your consent in order to make use of the information recorded by the cookies.<\/b><\/p><p><span style=\"font-weight: 400;\">This website uses the <\/span><b>following third-party cookies:<\/b><\/p><p><b>Google Analytics<\/b><span style=\"font-weight: 400;\">: It stores cookies in order to compile statistics on the traffic and volume of visits to this website. By using this website you are consenting   <\/span><b>the processing of information about you by Google<\/b><span style=\"font-weight: 400;\">. The configuration of these cookies is predetermined by the service offered by Google,<\/span> <b> so we suggest that you consult the privacy policy of Google Analytics.<\/b><span style=\"font-weight: 400;\"> Therefore, the exercise of any right in this regard must be done <\/span><b>by communicating directly with Google.<\/b><\/p><p><b>Social networks<\/b><span style=\"font-weight: 400;\">: Each social network uses its own cookies so that you can click on buttons such as Like or Share.<\/span><\/p>\t\t\t\t\t\t\t\t<\/div>\n\t\t\t\t<\/div>\n\t\t\t\t<div class=\"elementor-element elementor-element-684ac18 elementor-widget elementor-widget-heading\" data-id=\"684ac18\" data-element_type=\"widget\" data-widget_type=\"heading.default\">\n\t\t\t\t<div class=\"elementor-widget-container\">\n\t\t\t\t\t<h4 class=\"elementor-heading-title elementor-size-default\">Additional Notes<\/h4>\t\t\t\t<\/div>\n\t\t\t\t<\/div>\n\t\t\t\t<div class=\"elementor-element elementor-element-2f4a4d3 elementor-widget elementor-widget-text-editor\" data-id=\"2f4a4d3\" data-element_type=\"widget\" data-widget_type=\"text-editor.default\">\n\t\t\t\t<div class=\"elementor-widget-container\">\n\t\t\t\t\t\t\t\t\t<p>Neither this website nor its legal representatives are responsible for the content or veracity of the privacy policies that the third parties mentioned in this cookie policy may have.<\/p><p>Web browsers are the tools responsible for storing cookies and from this place you must exercise your right to delete or deactivate them.<\/p><p>Neither this website nor its legal representatives can guarantee the correct or incorrect handling of cookies by the aforementioned browsers.<\/p><p>In some cases it is necessary to install cookies so that the browser does not forget its decision not to accept them. In the case of Google Analytics cookies, Google Analytics stores cookies on servers located in the United States and undertakes not to share them with third parties, except in cases where it is necessary for the operation of the system or when the law requires it to do so. According to Google, it does not store your IP address. Google Inc. is a company that adheres to the Safe Harbor Agreement that guarantees that all transferred data will be treated with a level of protection in accordance with European regulations. You can find detailed information in this regard at <strong><a style=\"color: #046ca5;\" href=\"https:\/\/policies.google.com\/privacy?hl=es\">this link<\/a>.<\/strong> If you would like information about Google&#8217;s use of cookies, please find out this<strong><a style=\"color: #046ca5;\" href=\"https:\/\/policies.google.com\/technologies\/cookies?hl=es\"> link.<\/a><\/strong>     <\/p><p>If you have any questions or queries about this cookie policy, please do not hesitate to contact us through the contact section.<\/p>\t\t\t\t\t\t\t\t<\/div>\n\t\t\t\t<\/div>\n\t\t\t\t<\/div>\n\t\t<div class=\"elementor-element elementor-element-0a67006 e-con-full e-flex e-con e-child\" data-id=\"0a67006\" data-element_type=\"container\">\n\t\t\t\t<\/div>\n\t\t\t\t<\/div>\n\t\t\t\t<\/div>\n\t\t","protected":false},"excerpt":{"rendered":"<p>What are cookies? In English, the term &#8220;cookie&#8221; means cookie, but in the realm of web browsing, a &#8220;cookie&#8221; is something else entirely.When you access our website, a small amount of text is stored in your device&#8217;s browser that is called a &#8220;cookie&#8221;. This text contains various information about your browsing, habits, preferences, content customizations, [&hellip;]<\/p>\n","protected":false},"author":1,"featured_media":0,"parent":0,"menu_order":0,"comment_status":"closed","ping_status":"closed","template":"","meta":{"footnotes":""},"folder":[46],"class_list":["post-7369","page","type-page","status-publish","hentry"],"yoast_head":"<!-- This site is optimized with the Yoast SEO plugin v26.4 - https:\/\/yoast.com\/wordpress\/plugins\/seo\/ -->\n<title>Cookie Policy | Taking Care of You Auxiliary Services<\/title>\n<meta name=\"description\" content=\"Cookie policies: what they are, their use on our website and how to manage them. Protect your privacy while browsing.\" \/>\n<meta name=\"robots\" content=\"index, follow, max-snippet:-1, max-image-preview:large, max-video-preview:-1\" \/>\n<link rel=\"canonical\" href=\"https:\/\/cuidandoteserviciosauxiliares.com\/en\/cookies-policy\/\" \/>\n<meta property=\"og:locale\" content=\"en_US\" \/>\n<meta property=\"og:type\" content=\"article\" \/>\n<meta property=\"og:title\" content=\"Cookie Policy | Taking Care of You Auxiliary Services\" \/>\n<meta property=\"og:description\" content=\"Cookie policies: what they are, their use on our website and how to manage them. Protect your privacy while browsing.\" \/>\n<meta property=\"og:url\" content=\"https:\/\/cuidandoteserviciosauxiliares.com\/en\/cookies-policy\/\" \/>\n<meta property=\"og:site_name\" content=\"Cuidadores de personas mayores en Madrid | Servicio a domicilio profesional y avalado\" \/>\n<meta property=\"article:publisher\" content=\"https:\/\/www.facebook.com\/share\/1QYZcUvNFk\/?mibextid=wwXIfr\" \/>\n<meta property=\"article:modified_time\" content=\"2025-09-29T07:10:07+00:00\" \/>\n<meta name=\"twitter:card\" content=\"summary_large_image\" \/>\n<meta name=\"twitter:label1\" content=\"Est. reading time\" \/>\n\t<meta name=\"twitter:data1\" content=\"5 minutes\" \/>\n<script type=\"application\/ld+json\" class=\"yoast-schema-graph\">{\"@context\":\"https:\/\/schema.org\",\"@graph\":[{\"@type\":\"WebPage\",\"@id\":\"https:\/\/cuidandoteserviciosauxiliares.com\/en\/cookies-policy\/\",\"url\":\"https:\/\/cuidandoteserviciosauxiliares.com\/en\/cookies-policy\/\",\"name\":\"Cookie Policy | Taking Care of You Auxiliary Services\",\"isPartOf\":{\"@id\":\"https:\/\/cuidandoteserviciosauxiliares.com\/en\/#website\"},\"datePublished\":\"2024-04-16T22:23:21+00:00\",\"dateModified\":\"2025-09-29T07:10:07+00:00\",\"description\":\"Cookie policies: what they are, their use on our website and how to manage them. Protect your privacy while browsing.\",\"breadcrumb\":{\"@id\":\"https:\/\/cuidandoteserviciosauxiliares.com\/en\/cookies-policy\/#breadcrumb\"},\"inLanguage\":\"en-US\",\"potentialAction\":[{\"@type\":\"ReadAction\",\"target\":[\"https:\/\/cuidandoteserviciosauxiliares.com\/en\/cookies-policy\/\"]}]},{\"@type\":\"BreadcrumbList\",\"@id\":\"https:\/\/cuidandoteserviciosauxiliares.com\/en\/cookies-policy\/#breadcrumb\",\"itemListElement\":[{\"@type\":\"ListItem\",\"position\":1,\"name\":\"Portada\",\"item\":\"https:\/\/cuidandoteserviciosauxiliares.com\/en\/\"},{\"@type\":\"ListItem\",\"position\":2,\"name\":\"Cookies policy\"}]},{\"@type\":\"WebSite\",\"@id\":\"https:\/\/cuidandoteserviciosauxiliares.com\/en\/#website\",\"url\":\"https:\/\/cuidandoteserviciosauxiliares.com\/en\/\",\"name\":\"Cuid\u00e1ndote Servicios Auxiliares\",\"description\":\"Cuid\u00e1ndote Servicios Auxiliares ofrece cuidadores profesionales de personas ancianas en Madrid. Atenci\u00f3n domiciliaria, acompa\u00f1amiento, higiene, ayuda a la movilidad y apoyo emocional, avalados por la Comunidad de Madrid. Contacta para una valoraci\u00f3n gratuita.\",\"publisher\":{\"@id\":\"https:\/\/cuidandoteserviciosauxiliares.com\/en\/#organization\"},\"potentialAction\":[{\"@type\":\"SearchAction\",\"target\":{\"@type\":\"EntryPoint\",\"urlTemplate\":\"https:\/\/cuidandoteserviciosauxiliares.com\/en\/?s={search_term_string}\"},\"query-input\":{\"@type\":\"PropertyValueSpecification\",\"valueRequired\":true,\"valueName\":\"search_term_string\"}}],\"inLanguage\":\"en-US\"},{\"@type\":\"Organization\",\"@id\":\"https:\/\/cuidandoteserviciosauxiliares.com\/en\/#organization\",\"name\":\"Cuid\u00e1ndote Servicios Auxiliares\",\"url\":\"https:\/\/cuidandoteserviciosauxiliares.com\/en\/\",\"logo\":{\"@type\":\"ImageObject\",\"inLanguage\":\"en-US\",\"@id\":\"https:\/\/cuidandoteserviciosauxiliares.com\/en\/#\/schema\/logo\/image\/\",\"url\":\"https:\/\/cuidandoteserviciosauxiliares.com\/wp-content\/uploads\/2024\/04\/cuidandote-logo-servicios-auxiliares-1.png\",\"contentUrl\":\"https:\/\/cuidandoteserviciosauxiliares.com\/wp-content\/uploads\/2024\/04\/cuidandote-logo-servicios-auxiliares-1.png\",\"width\":220,\"height\":220,\"caption\":\"Cuid\u00e1ndote Servicios Auxiliares\"},\"image\":{\"@id\":\"https:\/\/cuidandoteserviciosauxiliares.com\/en\/#\/schema\/logo\/image\/\"},\"sameAs\":[\"https:\/\/www.facebook.com\/share\/1QYZcUvNFk\/?mibextid=wwXIfr\",\"https:\/\/www.instagram.com\/cuidandoteserviciosauxiliares\/\"]}]}<\/script>\n<!-- \/ Yoast SEO plugin. -->","yoast_head_json":{"title":"Cookie Policy | Taking Care of You Auxiliary Services","description":"Cookie policies: what they are, their use on our website and how to manage them. Protect your privacy while browsing.","robots":{"index":"index","follow":"follow","max-snippet":"max-snippet:-1","max-image-preview":"max-image-preview:large","max-video-preview":"max-video-preview:-1"},"canonical":"https:\/\/cuidandoteserviciosauxiliares.com\/en\/cookies-policy\/","og_locale":"en_US","og_type":"article","og_title":"Cookie Policy | Taking Care of You Auxiliary Services","og_description":"Cookie policies: what they are, their use on our website and how to manage them. Protect your privacy while browsing.","og_url":"https:\/\/cuidandoteserviciosauxiliares.com\/en\/cookies-policy\/","og_site_name":"Cuidadores de personas mayores en Madrid | Servicio a domicilio profesional y avalado","article_publisher":"https:\/\/www.facebook.com\/share\/1QYZcUvNFk\/?mibextid=wwXIfr","article_modified_time":"2025-09-29T07:10:07+00:00","twitter_card":"summary_large_image","twitter_misc":{"Est. reading time":"5 minutes"},"schema":{"@context":"https:\/\/schema.org","@graph":[{"@type":"WebPage","@id":"https:\/\/cuidandoteserviciosauxiliares.com\/en\/cookies-policy\/","url":"https:\/\/cuidandoteserviciosauxiliares.com\/en\/cookies-policy\/","name":"Cookie Policy | Taking Care of You Auxiliary Services","isPartOf":{"@id":"https:\/\/cuidandoteserviciosauxiliares.com\/en\/#website"},"datePublished":"2024-04-16T22:23:21+00:00","dateModified":"2025-09-29T07:10:07+00:00","description":"Cookie policies: what they are, their use on our website and how to manage them. Protect your privacy while browsing.","breadcrumb":{"@id":"https:\/\/cuidandoteserviciosauxiliares.com\/en\/cookies-policy\/#breadcrumb"},"inLanguage":"en-US","potentialAction":[{"@type":"ReadAction","target":["https:\/\/cuidandoteserviciosauxiliares.com\/en\/cookies-policy\/"]}]},{"@type":"BreadcrumbList","@id":"https:\/\/cuidandoteserviciosauxiliares.com\/en\/cookies-policy\/#breadcrumb","itemListElement":[{"@type":"ListItem","position":1,"name":"Portada","item":"https:\/\/cuidandoteserviciosauxiliares.com\/en\/"},{"@type":"ListItem","position":2,"name":"Cookies policy"}]},{"@type":"WebSite","@id":"https:\/\/cuidandoteserviciosauxiliares.com\/en\/#website","url":"https:\/\/cuidandoteserviciosauxiliares.com\/en\/","name":"Cuid\u00e1ndote Servicios Auxiliares","description":"Cuid\u00e1ndote Servicios Auxiliares ofrece cuidadores profesionales de personas ancianas en Madrid. Atenci\u00f3n domiciliaria, acompa\u00f1amiento, higiene, ayuda a la movilidad y apoyo emocional, avalados por la Comunidad de Madrid. Contacta para una valoraci\u00f3n gratuita.","publisher":{"@id":"https:\/\/cuidandoteserviciosauxiliares.com\/en\/#organization"},"potentialAction":[{"@type":"SearchAction","target":{"@type":"EntryPoint","urlTemplate":"https:\/\/cuidandoteserviciosauxiliares.com\/en\/?s={search_term_string}"},"query-input":{"@type":"PropertyValueSpecification","valueRequired":true,"valueName":"search_term_string"}}],"inLanguage":"en-US"},{"@type":"Organization","@id":"https:\/\/cuidandoteserviciosauxiliares.com\/en\/#organization","name":"Cuid\u00e1ndote Servicios Auxiliares","url":"https:\/\/cuidandoteserviciosauxiliares.com\/en\/","logo":{"@type":"ImageObject","inLanguage":"en-US","@id":"https:\/\/cuidandoteserviciosauxiliares.com\/en\/#\/schema\/logo\/image\/","url":"https:\/\/cuidandoteserviciosauxiliares.com\/wp-content\/uploads\/2024\/04\/cuidandote-logo-servicios-auxiliares-1.png","contentUrl":"https:\/\/cuidandoteserviciosauxiliares.com\/wp-content\/uploads\/2024\/04\/cuidandote-logo-servicios-auxiliares-1.png","width":220,"height":220,"caption":"Cuid\u00e1ndote Servicios Auxiliares"},"image":{"@id":"https:\/\/cuidandoteserviciosauxiliares.com\/en\/#\/schema\/logo\/image\/"},"sameAs":["https:\/\/www.facebook.com\/share\/1QYZcUvNFk\/?mibextid=wwXIfr","https:\/\/www.instagram.com\/cuidandoteserviciosauxiliares\/"]}]}},"_links":{"self":[{"href":"https:\/\/cuidandoteserviciosauxiliares.com\/en\/wp-json\/wp\/v2\/pages\/7369","targetHints":{"allow":["GET"]}}],"collection":[{"href":"https:\/\/cuidandoteserviciosauxiliares.com\/en\/wp-json\/wp\/v2\/pages"}],"about":[{"href":"https:\/\/cuidandoteserviciosauxiliares.com\/en\/wp-json\/wp\/v2\/types\/page"}],"author":[{"embeddable":true,"href":"https:\/\/cuidandoteserviciosauxiliares.com\/en\/wp-json\/wp\/v2\/users\/1"}],"replies":[{"embeddable":true,"href":"https:\/\/cuidandoteserviciosauxiliares.com\/en\/wp-json\/wp\/v2\/comments?post=7369"}],"version-history":[{"count":1,"href":"https:\/\/cuidandoteserviciosauxiliares.com\/en\/wp-json\/wp\/v2\/pages\/7369\/revisions"}],"predecessor-version":[{"id":7371,"href":"https:\/\/cuidandoteserviciosauxiliares.com\/en\/wp-json\/wp\/v2\/pages\/7369\/revisions\/7371"}],"wp:attachment":[{"href":"https:\/\/cuidandoteserviciosauxiliares.com\/en\/wp-json\/wp\/v2\/media?parent=7369"}],"wp:term":[{"taxonomy":"folder","embeddable":true,"href":"https:\/\/cuidandoteserviciosauxiliares.com\/en\/wp-json\/wp\/v2\/folder?post=7369"}],"curies":[{"name":"wp","href":"https:\/\/api.w.org\/{rel}","templated":true}]}}