{"id":7378,"date":"2024-04-16T22:23:46","date_gmt":"2024-04-16T22:23:46","guid":{"rendered":"https:\/\/cuidandoteserviciosauxiliares.com\/datenschutzrichtlinie\/"},"modified":"2025-09-29T07:11:47","modified_gmt":"2025-09-29T07:11:47","slug":"datenschutzrichtlinie","status":"publish","type":"page","link":"https:\/\/cuidandoteserviciosauxiliares.com\/de\/datenschutzrichtlinie\/","title":{"rendered":"Datenschutzrichtlinie"},"content":{"rendered":"\t\t<div data-elementor-type=\"wp-page\" data-elementor-id=\"7378\" class=\"elementor elementor-7378 elementor-242\" data-elementor-post-type=\"page\">\n\t\t\t\t<div class=\"elementor-element elementor-element-e5e7faa e-con-full e-flex e-con e-parent\" data-id=\"e5e7faa\" data-element_type=\"container\">\n\t\t<div class=\"elementor-element elementor-element-c4f3ac9 e-con-full e-flex e-con e-child\" data-id=\"c4f3ac9\" data-element_type=\"container\">\n\t\t\t\t<\/div>\n\t\t<div class=\"elementor-element elementor-element-2269440 e-con-full e-flex e-con e-child\" data-id=\"2269440\" data-element_type=\"container\">\n\t\t\t\t<div class=\"elementor-element elementor-element-507809d elementor-widget elementor-widget-text-editor\" data-id=\"507809d\" data-element_type=\"widget\" data-widget_type=\"text-editor.default\">\n\t\t\t\t<div class=\"elementor-widget-container\">\n\t\t\t\t\t\t\t\t\t<p>Diese Datenschutzrichtlinie legt die Bedingungen fest, unter denen wir die Informationen, die Sie uns \u00fcber diese Website und unsere Kontaktkan\u00e4le zur Verf\u00fcgung stellen, verwenden und sch\u00fctzen.<br><br><strong>Wir verpflichten uns zur Sicherheit der Daten unserer Nutzer.<\/strong><br><strong>Die im Kontaktformular oder in Telefonanrufen erhobenen personenbezogenen Daten werden ausschlie\u00dflich in \u00dcbereinstimmung mit den Bedingungen dieses Dokuments verwendet. Diese Datenschutzrichtlinie kann sich im Laufe der Zeit \u00e4ndern oder aktualisiert werden, daher empfehlen wir Ihnen, sie regelm\u00e4\u00dfig zu \u00fcberpr\u00fcfen. <br><br><\/strong>Im Folgenden informieren wir Sie \u00fcber die Details unserer Datenschutzrichtlinie in \u00dcbereinstimmung mit der Verordnung 2016\/659 \u00fcber den Schutz personenbezogener Daten und dem Organgesetz 3\/2018 vom 5. Dezember \u00fcber den Schutz personenbezogener Daten und Garantie. digitaler Rechte. <\/p>\t\t\t\t\t\t\t\t<\/div>\n\t\t\t\t<\/div>\n\t\t\t\t<div class=\"elementor-element elementor-element-ff08886 elementor-widget elementor-widget-heading\" data-id=\"ff08886\" data-element_type=\"widget\" data-widget_type=\"heading.default\">\n\t\t\t\t<div class=\"elementor-widget-container\">\n\t\t\t\t\t<h2 class=\"elementor-heading-title elementor-size-default\">Verantwortlicher f\u00fcr die Datenverarbeitung<\/h2>\t\t\t\t<\/div>\n\t\t\t\t<\/div>\n\t\t\t\t<div class=\"elementor-element elementor-element-32e6fd3 elementor-widget elementor-widget-text-editor\" data-id=\"32e6fd3\" data-element_type=\"widget\" data-widget_type=\"text-editor.default\">\n\t\t\t\t<div class=\"elementor-widget-container\">\n\t\t\t\t\t\t\t\t\t<p>\u2013 Name der Firma: Pablo Torres Mart\u00ednez<\/p><p>\u2013 Adresse: Calle Alfonso Senra 21, 28440 Guadarrama Madrid<\/p><p>\u2013 Telefon: 611257643 \/ 911 23 31 72<br><br>\u2013 E-Mail: info@cuidandoteserviciosauxiliares.com<\/p>\t\t\t\t\t\t\t\t<\/div>\n\t\t\t\t<\/div>\n\t\t\t\t<div class=\"elementor-element elementor-element-3210fff elementor-widget elementor-widget-heading\" data-id=\"3210fff\" data-element_type=\"widget\" data-widget_type=\"heading.default\">\n\t\t\t\t<div class=\"elementor-widget-container\">\n\t\t\t\t\t<h2 class=\"elementor-heading-title elementor-size-default\">Informationen, die gesammelt werden<\/h2>\t\t\t\t<\/div>\n\t\t\t\t<\/div>\n\t\t\t\t<div class=\"elementor-element elementor-element-9ad3c96 elementor-widget elementor-widget-heading\" data-id=\"9ad3c96\" data-element_type=\"widget\" data-widget_type=\"heading.default\">\n\t\t\t\t<div class=\"elementor-widget-container\">\n\t\t\t\t\t<h4 class=\"elementor-heading-title elementor-size-default\">Wenn Sie Kunde sind<\/h4>\t\t\t\t<\/div>\n\t\t\t\t<\/div>\n\t\t\t\t<div class=\"elementor-element elementor-element-6615b6c elementor-widget elementor-widget-text-editor\" data-id=\"6615b6c\" data-element_type=\"widget\" data-widget_type=\"text-editor.default\">\n\t\t\t\t<div class=\"elementor-widget-container\">\n\t\t\t\t\t\t\t\t\tUnsere Website sammelt \u00fcber die Formulare personenbezogene Daten wie: Name, Kontaktinformationen wie Ihre E-Mail-Adresse, Ihre Mobiltelefonnummer sowie demografische und pers\u00f6nliche Informationen. Dar\u00fcber hinaus werden weitere pers\u00f6nliche und famili\u00e4re Informationen telefonisch erhoben. Wenn Sie uns \u00fcber Whatsapp kontaktieren, wird auch Ihre Mobiltelefonnummer erfasst, zus\u00e4tzlich zu den personenbezogenen Daten, die sich aus der Kommunikation auf diesem Weg ergeben, um unsere Dienstleistungen auszuf\u00fchren  \t\t\t\t\t\t\t\t<\/div>\n\t\t\t\t<\/div>\n\t\t\t\t<div class=\"elementor-element elementor-element-143b65b elementor-widget elementor-widget-heading\" data-id=\"143b65b\" data-element_type=\"widget\" data-widget_type=\"heading.default\">\n\t\t\t\t<div class=\"elementor-widget-container\">\n\t\t\t\t\t<h4 class=\"elementor-heading-title elementor-size-default\">Wenn Sie ein Arbeitnehmer sind<\/h4>\t\t\t\t<\/div>\n\t\t\t\t<\/div>\n\t\t\t\t<div class=\"elementor-element elementor-element-8ce42ae elementor-widget elementor-widget-text-editor\" data-id=\"8ce42ae\" data-element_type=\"widget\" data-widget_type=\"text-editor.default\">\n\t\t\t\t<div class=\"elementor-widget-container\">\n\t\t\t\t\t\t\t\t\tUnsere Website kann \u00fcber die Formulare personenbezogene Daten wie Name, Kontaktinformationen wie Ihre E-Mail-Adresse, Ihr Mobiltelefon, Ihren Lebenslauf und Ihr berufliches Interesse sammeln. Dar\u00fcber hinaus werden weitere pers\u00f6nliche, berufliche und famili\u00e4re Informationen telefonisch und im pers\u00f6nlichen Gespr\u00e4ch erhoben. Wenn Sie uns \u00fcber Whatsapp kontaktieren, wird auch Ihre Mobiltelefonnummer erfasst, zus\u00e4tzlich zu den personenbezogenen Daten, die sich aus der Kommunikation auf diesem Weg ergeben, um unsere Dienstleistungen auszuf\u00fchren.  \t\t\t\t\t\t\t\t<\/div>\n\t\t\t\t<\/div>\n\t\t\t\t<div class=\"elementor-element elementor-element-daf5854 elementor-widget elementor-widget-heading\" data-id=\"daf5854\" data-element_type=\"widget\" data-widget_type=\"heading.default\">\n\t\t\t\t<div class=\"elementor-widget-container\">\n\t\t\t\t\t<h4 class=\"elementor-heading-title elementor-size-default\">Zweck der Erhebung und Verarbeitung Ihrer Daten\n<\/h4>\t\t\t\t<\/div>\n\t\t\t\t<\/div>\n\t\t\t\t<div class=\"elementor-element elementor-element-99786e3 elementor-widget elementor-widget-text-editor\" data-id=\"99786e3\" data-element_type=\"widget\" data-widget_type=\"text-editor.default\">\n\t\t\t\t<div class=\"elementor-widget-container\">\n\t\t\t\t\t\t\t\t\tUnsere Website <a style=\"color: #046ca5;\" href=\"http:\/\/www.cuidandoteserviciosauxiliares.com\">verwendet die Informationen www.cuidandoteserviciosauxiliares.com<\/a> , um  <strong>den bestm\u00f6glichen Service zu bieten. Die Rechtsgrundlage f\u00fcr die Verarbeitung dieser Daten ist die Einwilligung der betroffenen Person oder ein berechtigtes Interesse. <\/strong>\t\t\t\t\t\t\t\t<\/div>\n\t\t\t\t<\/div>\n\t\t\t\t<div class=\"elementor-element elementor-element-8c1c61c elementor-widget elementor-widget-heading\" data-id=\"8c1c61c\" data-element_type=\"widget\" data-widget_type=\"heading.default\">\n\t\t\t\t<div class=\"elementor-widget-container\">\n\t\t\t\t\t<h4 class=\"elementor-heading-title elementor-size-default\">Wenn Sie Kunde sind<\/h4>\t\t\t\t<\/div>\n\t\t\t\t<\/div>\n\t\t\t\t<div class=\"elementor-element elementor-element-67695cf elementor-widget elementor-widget-text-editor\" data-id=\"67695cf\" data-element_type=\"widget\" data-widget_type=\"text-editor.default\">\n\t\t\t\t<div class=\"elementor-widget-container\">\n\t\t\t\t\t\t\t\t\tDer Zweck der Erhebung und Verarbeitung Ihrer Daten besteht darin, Ihnen unsere Dienstleistungen bei der Auswahl des geeigneten Personals f\u00fcr die angeforderte Anfrage zur Verf\u00fcgung zu stellen.\t\t\t\t\t\t\t\t<\/div>\n\t\t\t\t<\/div>\n\t\t\t\t<div class=\"elementor-element elementor-element-1db3e8d elementor-widget elementor-widget-heading\" data-id=\"1db3e8d\" data-element_type=\"widget\" data-widget_type=\"heading.default\">\n\t\t\t\t<div class=\"elementor-widget-container\">\n\t\t\t\t\t<h4 class=\"elementor-heading-title elementor-size-default\">Wenn Sie ein Arbeitnehmer sind<\/h4>\t\t\t\t<\/div>\n\t\t\t\t<\/div>\n\t\t\t\t<div class=\"elementor-element elementor-element-9f274ac elementor-widget elementor-widget-text-editor\" data-id=\"9f274ac\" data-element_type=\"widget\" data-widget_type=\"text-editor.default\">\n\t\t\t\t<div class=\"elementor-widget-container\">\n\t\t\t\t\t\t\t\t\t<p>Der Zweck der Erhebung und Verarbeitung Ihrer Daten besteht darin, Sie in unsere Jobb\u00f6rse aufnehmen zu k\u00f6nnen, um Ihnen einen Job anzubieten, der Ihren Eigenschaften und Erfahrungen entspricht.<br>Die pers\u00f6nlichen und famili\u00e4ren Informationen, die Sie uns per Telefon, E-Mail oder Internet zur Verf\u00fcgung stellen, sind <strong>absolut vertraulich<\/strong> und d\u00fcrfen in keinem Fall an Dritte weitergegeben werden. <strong>Wir legen gro\u00dfen Wert auf die Sicherheit Ihrer Daten.<\/strong><\/p>\t\t\t\t\t\t\t\t<\/div>\n\t\t\t\t<\/div>\n\t\t\t\t<div class=\"elementor-element elementor-element-ca5053b elementor-widget elementor-widget-heading\" data-id=\"ca5053b\" data-element_type=\"widget\" data-widget_type=\"heading.default\">\n\t\t\t\t<div class=\"elementor-widget-container\">\n\t\t\t\t\t<h2 class=\"elementor-heading-title elementor-size-default\">Aufbewahrung Ihrer Daten<\/h2>\t\t\t\t<\/div>\n\t\t\t\t<\/div>\n\t\t\t\t<div class=\"elementor-element elementor-element-6659cc4 elementor-widget elementor-widget-text-editor\" data-id=\"6659cc4\" data-element_type=\"widget\" data-widget_type=\"text-editor.default\">\n\t\t\t\t<div class=\"elementor-widget-container\">\n\t\t\t\t\t\t\t\t\t<p>Personenbezogene Daten werden so lange aufbewahrt, wie der Interessent nicht ihre L\u00f6schung verlangt und f\u00fcr die gesetzlich festgelegten Fristen.<br><br>Die personenbezogenen Daten und der Lebenslauf der Bewerber werden so lange aufbewahrt, wie das Auswahlverfahren noch offen ist und der Interessent nicht deren L\u00f6schung verlangt.<\/p>\t\t\t\t\t\t\t\t<\/div>\n\t\t\t\t<\/div>\n\t\t\t\t<div class=\"elementor-element elementor-element-d0fd6af elementor-widget elementor-widget-heading\" data-id=\"d0fd6af\" data-element_type=\"widget\" data-widget_type=\"heading.default\">\n\t\t\t\t<div class=\"elementor-widget-container\">\n\t\t\t\t\t<h2 class=\"elementor-heading-title elementor-size-default\">Benutzerrechte und Kontrolle \u00fcber Informationen<\/h2>\t\t\t\t<\/div>\n\t\t\t\t<\/div>\n\t\t\t\t<div class=\"elementor-element elementor-element-8f4e527 elementor-widget elementor-widget-text-editor\" data-id=\"8f4e527\" data-element_type=\"widget\" data-widget_type=\"text-editor.default\">\n\t\t\t\t<div class=\"elementor-widget-container\">\n\t\t\t\t\t\t\t\t\tSie haben das Recht auf Zugang, Berichtigung, Einschr\u00e4nkung, L\u00f6schung und Widerspruch gegen die Verarbeitung Ihrer Daten. F\u00fcr jede dieser Aktionen kontaktieren Sie uns bitte \u00fcber unsere E-Mail (info@cuidandoteserviciosauxiliares.com), Sie k\u00f6nnen uns auch unter 611257643 \/ 911 23 31 72 anrufen. \t\t\t\t\t\t\t\t<\/div>\n\t\t\t\t<\/div>\n\t\t\t\t<div class=\"elementor-element elementor-element-952b0d9 elementor-widget elementor-widget-heading\" data-id=\"952b0d9\" data-element_type=\"widget\" data-widget_type=\"heading.default\">\n\t\t\t\t<div class=\"elementor-widget-container\">\n\t\t\t\t\t<h2 class=\"elementor-heading-title elementor-size-default\">Cookies<\/h2>\t\t\t\t<\/div>\n\t\t\t\t<\/div>\n\t\t\t\t<div class=\"elementor-element elementor-element-3f167a4 elementor-widget elementor-widget-text-editor\" data-id=\"3f167a4\" data-element_type=\"widget\" data-widget_type=\"text-editor.default\">\n\t\t\t\t<div class=\"elementor-widget-container\">\n\t\t\t\t\t\t\t\t\tDiese Website verwendet Cookies, bei denen es sich, wie Sie wissen, um kleine Dateien handelt, die die Website in Ihrem Browser speichert, um das ordnungsgem\u00e4\u00dfe Funktionieren der Website zu gew\u00e4hrleisten und uns Daten \u00fcber die Nutzung der Website durch die Benutzer zur Verf\u00fcgung zu stellen. Unsere Cookie-Richtlinie finden <a style=\"color: #046ca5;\" href=\"https:\/\/cuidandoteserviciosauxiliares.com\/madrid\/politica-de-cookies\/\"><b>Sie hier.<\/b><\/a> \t\t\t\t\t\t\t\t<\/div>\n\t\t\t\t<\/div>\n\t\t\t\t<div class=\"elementor-element elementor-element-96dbec7 elementor-widget elementor-widget-heading\" data-id=\"96dbec7\" data-element_type=\"widget\" data-widget_type=\"heading.default\">\n\t\t\t\t<div class=\"elementor-widget-container\">\n\t\t\t\t\t<h2 class=\"elementor-heading-title elementor-size-default\">Links zu Dritten<\/h2>\t\t\t\t<\/div>\n\t\t\t\t<\/div>\n\t\t\t\t<div class=\"elementor-element elementor-element-1fb1256 elementor-widget elementor-widget-text-editor\" data-id=\"1fb1256\" data-element_type=\"widget\" data-widget_type=\"text-editor.default\">\n\t\t\t\t<div class=\"elementor-widget-container\">\n\t\t\t\t\t\t\t\t\tDiese Website kann Links zu anderen Websites enthalten, die f\u00fcr Sie von Interesse sein k\u00f6nnten. Sobald Sie auf diese Links klicken und unsere Website verlassen, haben wir keine Kontrolle mehr \u00fcber die Website, auf die Sie weitergeleitet werden, und sind daher nicht verantwortlich f\u00fcr die Bedingungen oder den Datenschutz oder den Schutz Ihrer Daten auf diesen anderen Websites Dritter. Diese Websites unterliegen ihren eigenen Datenschutzrichtlinien und sollten daher unbedingt \u00fcberpr\u00fcft werden.  \t\t\t\t\t\t\t\t<\/div>\n\t\t\t\t<\/div>\n\t\t\t\t<\/div>\n\t\t<div class=\"elementor-element elementor-element-6a5629c e-con-full e-flex e-con e-child\" data-id=\"6a5629c\" data-element_type=\"container\">\n\t\t\t\t<\/div>\n\t\t\t\t<\/div>\n\t\t\t\t<\/div>\n\t\t","protected":false},"excerpt":{"rendered":"<p>Diese Datenschutzrichtlinie legt die Bedingungen fest, unter denen wir die Informationen, die Sie uns \u00fcber diese Website und unsere Kontaktkan\u00e4le zur Verf\u00fcgung stellen, verwenden und sch\u00fctzen. Wir verpflichten uns zur Sicherheit der Daten unserer Nutzer.Die im Kontaktformular oder in Telefonanrufen erhobenen personenbezogenen Daten werden ausschlie\u00dflich in \u00dcbereinstimmung mit den Bedingungen dieses Dokuments verwendet. Diese Datenschutzrichtlinie [&hellip;]<\/p>\n","protected":false},"author":1,"featured_media":0,"parent":0,"menu_order":0,"comment_status":"closed","ping_status":"closed","template":"","meta":{"footnotes":""},"folder":[46],"class_list":["post-7378","page","type-page","status-publish","hentry"],"yoast_head":"<!-- This site is optimized with the Yoast SEO plugin v26.4 - https:\/\/yoast.com\/wordpress\/plugins\/seo\/ -->\n<title>Datenschutzrichtlinie Wir k\u00fcmmern uns um Sie Zusatzleistungen<\/title>\n<meta name=\"description\" content=\"Unsere Datenschutzrichtlinie legt die Bedingungen fest, unter denen wir die Informationen, die Sie uns \u00fcber diese Website zur Verf\u00fcgung stellen, verwenden und sch\u00fctzen.\" \/>\n<meta name=\"robots\" content=\"index, follow, max-snippet:-1, max-image-preview:large, max-video-preview:-1\" \/>\n<link rel=\"canonical\" href=\"https:\/\/cuidandoteserviciosauxiliares.com\/de\/datenschutzrichtlinie\/\" \/>\n<meta property=\"og:locale\" content=\"de_DE\" \/>\n<meta property=\"og:type\" content=\"article\" \/>\n<meta property=\"og:title\" content=\"Datenschutzrichtlinie Wir k\u00fcmmern uns um Sie Zusatzleistungen\" \/>\n<meta property=\"og:description\" content=\"Unsere Datenschutzrichtlinie legt die Bedingungen fest, unter denen wir die Informationen, die Sie uns \u00fcber diese Website zur Verf\u00fcgung stellen, verwenden und sch\u00fctzen.\" \/>\n<meta property=\"og:url\" content=\"https:\/\/cuidandoteserviciosauxiliares.com\/de\/datenschutzrichtlinie\/\" \/>\n<meta property=\"og:site_name\" content=\"Cuidadores de personas mayores en Madrid | Servicio a domicilio profesional y avalado\" \/>\n<meta property=\"article:publisher\" content=\"https:\/\/www.facebook.com\/share\/1QYZcUvNFk\/?mibextid=wwXIfr\" \/>\n<meta property=\"article:modified_time\" content=\"2025-09-29T07:11:47+00:00\" \/>\n<meta name=\"twitter:card\" content=\"summary_large_image\" \/>\n<meta name=\"twitter:label1\" content=\"Gesch\u00e4tzte Lesezeit\" \/>\n\t<meta name=\"twitter:data1\" content=\"3\u00a0Minuten\" \/>\n<script type=\"application\/ld+json\" class=\"yoast-schema-graph\">{\"@context\":\"https:\/\/schema.org\",\"@graph\":[{\"@type\":\"WebPage\",\"@id\":\"https:\/\/cuidandoteserviciosauxiliares.com\/de\/datenschutzrichtlinie\/\",\"url\":\"https:\/\/cuidandoteserviciosauxiliares.com\/de\/datenschutzrichtlinie\/\",\"name\":\"Datenschutzrichtlinie Wir k\u00fcmmern uns um Sie Zusatzleistungen\",\"isPartOf\":{\"@id\":\"https:\/\/cuidandoteserviciosauxiliares.com\/de\/#website\"},\"datePublished\":\"2024-04-16T22:23:46+00:00\",\"dateModified\":\"2025-09-29T07:11:47+00:00\",\"description\":\"Unsere Datenschutzrichtlinie legt die Bedingungen fest, unter denen wir die Informationen, die Sie uns \u00fcber diese Website zur Verf\u00fcgung stellen, verwenden und sch\u00fctzen.\",\"breadcrumb\":{\"@id\":\"https:\/\/cuidandoteserviciosauxiliares.com\/de\/datenschutzrichtlinie\/#breadcrumb\"},\"inLanguage\":\"de\",\"potentialAction\":[{\"@type\":\"ReadAction\",\"target\":[\"https:\/\/cuidandoteserviciosauxiliares.com\/de\/datenschutzrichtlinie\/\"]}]},{\"@type\":\"BreadcrumbList\",\"@id\":\"https:\/\/cuidandoteserviciosauxiliares.com\/de\/datenschutzrichtlinie\/#breadcrumb\",\"itemListElement\":[{\"@type\":\"ListItem\",\"position\":1,\"name\":\"Portada\",\"item\":\"https:\/\/cuidandoteserviciosauxiliares.com\/de\/\"},{\"@type\":\"ListItem\",\"position\":2,\"name\":\"Datenschutzrichtlinie\"}]},{\"@type\":\"WebSite\",\"@id\":\"https:\/\/cuidandoteserviciosauxiliares.com\/de\/#website\",\"url\":\"https:\/\/cuidandoteserviciosauxiliares.com\/de\/\",\"name\":\"Cuid\u00e1ndote Servicios Auxiliares\",\"description\":\"Cuid\u00e1ndote Servicios Auxiliares ofrece cuidadores profesionales de personas ancianas en Madrid. Atenci\u00f3n domiciliaria, acompa\u00f1amiento, higiene, ayuda a la movilidad y apoyo emocional, avalados por la Comunidad de Madrid. Contacta para una valoraci\u00f3n gratuita.\",\"publisher\":{\"@id\":\"https:\/\/cuidandoteserviciosauxiliares.com\/de\/#organization\"},\"potentialAction\":[{\"@type\":\"SearchAction\",\"target\":{\"@type\":\"EntryPoint\",\"urlTemplate\":\"https:\/\/cuidandoteserviciosauxiliares.com\/de\/?s={search_term_string}\"},\"query-input\":{\"@type\":\"PropertyValueSpecification\",\"valueRequired\":true,\"valueName\":\"search_term_string\"}}],\"inLanguage\":\"de\"},{\"@type\":\"Organization\",\"@id\":\"https:\/\/cuidandoteserviciosauxiliares.com\/de\/#organization\",\"name\":\"Cuid\u00e1ndote Servicios Auxiliares\",\"url\":\"https:\/\/cuidandoteserviciosauxiliares.com\/de\/\",\"logo\":{\"@type\":\"ImageObject\",\"inLanguage\":\"de\",\"@id\":\"https:\/\/cuidandoteserviciosauxiliares.com\/de\/#\/schema\/logo\/image\/\",\"url\":\"https:\/\/cuidandoteserviciosauxiliares.com\/wp-content\/uploads\/2024\/04\/cuidandote-logo-servicios-auxiliares-1.png\",\"contentUrl\":\"https:\/\/cuidandoteserviciosauxiliares.com\/wp-content\/uploads\/2024\/04\/cuidandote-logo-servicios-auxiliares-1.png\",\"width\":220,\"height\":220,\"caption\":\"Cuid\u00e1ndote Servicios Auxiliares\"},\"image\":{\"@id\":\"https:\/\/cuidandoteserviciosauxiliares.com\/de\/#\/schema\/logo\/image\/\"},\"sameAs\":[\"https:\/\/www.facebook.com\/share\/1QYZcUvNFk\/?mibextid=wwXIfr\",\"https:\/\/www.instagram.com\/cuidandoteserviciosauxiliares\/\"]}]}<\/script>\n<!-- \/ Yoast SEO plugin. -->","yoast_head_json":{"title":"Datenschutzrichtlinie Wir k\u00fcmmern uns um Sie Zusatzleistungen","description":"Unsere Datenschutzrichtlinie legt die Bedingungen fest, unter denen wir die Informationen, die Sie uns \u00fcber diese Website zur Verf\u00fcgung stellen, verwenden und sch\u00fctzen.","robots":{"index":"index","follow":"follow","max-snippet":"max-snippet:-1","max-image-preview":"max-image-preview:large","max-video-preview":"max-video-preview:-1"},"canonical":"https:\/\/cuidandoteserviciosauxiliares.com\/de\/datenschutzrichtlinie\/","og_locale":"de_DE","og_type":"article","og_title":"Datenschutzrichtlinie Wir k\u00fcmmern uns um Sie Zusatzleistungen","og_description":"Unsere Datenschutzrichtlinie legt die Bedingungen fest, unter denen wir die Informationen, die Sie uns \u00fcber diese Website zur Verf\u00fcgung stellen, verwenden und sch\u00fctzen.","og_url":"https:\/\/cuidandoteserviciosauxiliares.com\/de\/datenschutzrichtlinie\/","og_site_name":"Cuidadores de personas mayores en Madrid | Servicio a domicilio profesional y avalado","article_publisher":"https:\/\/www.facebook.com\/share\/1QYZcUvNFk\/?mibextid=wwXIfr","article_modified_time":"2025-09-29T07:11:47+00:00","twitter_card":"summary_large_image","twitter_misc":{"Gesch\u00e4tzte Lesezeit":"3\u00a0Minuten"},"schema":{"@context":"https:\/\/schema.org","@graph":[{"@type":"WebPage","@id":"https:\/\/cuidandoteserviciosauxiliares.com\/de\/datenschutzrichtlinie\/","url":"https:\/\/cuidandoteserviciosauxiliares.com\/de\/datenschutzrichtlinie\/","name":"Datenschutzrichtlinie Wir k\u00fcmmern uns um Sie Zusatzleistungen","isPartOf":{"@id":"https:\/\/cuidandoteserviciosauxiliares.com\/de\/#website"},"datePublished":"2024-04-16T22:23:46+00:00","dateModified":"2025-09-29T07:11:47+00:00","description":"Unsere Datenschutzrichtlinie legt die Bedingungen fest, unter denen wir die Informationen, die Sie uns \u00fcber diese Website zur Verf\u00fcgung stellen, verwenden und sch\u00fctzen.","breadcrumb":{"@id":"https:\/\/cuidandoteserviciosauxiliares.com\/de\/datenschutzrichtlinie\/#breadcrumb"},"inLanguage":"de","potentialAction":[{"@type":"ReadAction","target":["https:\/\/cuidandoteserviciosauxiliares.com\/de\/datenschutzrichtlinie\/"]}]},{"@type":"BreadcrumbList","@id":"https:\/\/cuidandoteserviciosauxiliares.com\/de\/datenschutzrichtlinie\/#breadcrumb","itemListElement":[{"@type":"ListItem","position":1,"name":"Portada","item":"https:\/\/cuidandoteserviciosauxiliares.com\/de\/"},{"@type":"ListItem","position":2,"name":"Datenschutzrichtlinie"}]},{"@type":"WebSite","@id":"https:\/\/cuidandoteserviciosauxiliares.com\/de\/#website","url":"https:\/\/cuidandoteserviciosauxiliares.com\/de\/","name":"Cuid\u00e1ndote Servicios Auxiliares","description":"Cuid\u00e1ndote Servicios Auxiliares ofrece cuidadores profesionales de personas ancianas en Madrid. Atenci\u00f3n domiciliaria, acompa\u00f1amiento, higiene, ayuda a la movilidad y apoyo emocional, avalados por la Comunidad de Madrid. Contacta para una valoraci\u00f3n gratuita.","publisher":{"@id":"https:\/\/cuidandoteserviciosauxiliares.com\/de\/#organization"},"potentialAction":[{"@type":"SearchAction","target":{"@type":"EntryPoint","urlTemplate":"https:\/\/cuidandoteserviciosauxiliares.com\/de\/?s={search_term_string}"},"query-input":{"@type":"PropertyValueSpecification","valueRequired":true,"valueName":"search_term_string"}}],"inLanguage":"de"},{"@type":"Organization","@id":"https:\/\/cuidandoteserviciosauxiliares.com\/de\/#organization","name":"Cuid\u00e1ndote Servicios Auxiliares","url":"https:\/\/cuidandoteserviciosauxiliares.com\/de\/","logo":{"@type":"ImageObject","inLanguage":"de","@id":"https:\/\/cuidandoteserviciosauxiliares.com\/de\/#\/schema\/logo\/image\/","url":"https:\/\/cuidandoteserviciosauxiliares.com\/wp-content\/uploads\/2024\/04\/cuidandote-logo-servicios-auxiliares-1.png","contentUrl":"https:\/\/cuidandoteserviciosauxiliares.com\/wp-content\/uploads\/2024\/04\/cuidandote-logo-servicios-auxiliares-1.png","width":220,"height":220,"caption":"Cuid\u00e1ndote Servicios Auxiliares"},"image":{"@id":"https:\/\/cuidandoteserviciosauxiliares.com\/de\/#\/schema\/logo\/image\/"},"sameAs":["https:\/\/www.facebook.com\/share\/1QYZcUvNFk\/?mibextid=wwXIfr","https:\/\/www.instagram.com\/cuidandoteserviciosauxiliares\/"]}]}},"_links":{"self":[{"href":"https:\/\/cuidandoteserviciosauxiliares.com\/de\/wp-json\/wp\/v2\/pages\/7378","targetHints":{"allow":["GET"]}}],"collection":[{"href":"https:\/\/cuidandoteserviciosauxiliares.com\/de\/wp-json\/wp\/v2\/pages"}],"about":[{"href":"https:\/\/cuidandoteserviciosauxiliares.com\/de\/wp-json\/wp\/v2\/types\/page"}],"author":[{"embeddable":true,"href":"https:\/\/cuidandoteserviciosauxiliares.com\/de\/wp-json\/wp\/v2\/users\/1"}],"replies":[{"embeddable":true,"href":"https:\/\/cuidandoteserviciosauxiliares.com\/de\/wp-json\/wp\/v2\/comments?post=7378"}],"version-history":[{"count":1,"href":"https:\/\/cuidandoteserviciosauxiliares.com\/de\/wp-json\/wp\/v2\/pages\/7378\/revisions"}],"predecessor-version":[{"id":7380,"href":"https:\/\/cuidandoteserviciosauxiliares.com\/de\/wp-json\/wp\/v2\/pages\/7378\/revisions\/7380"}],"wp:attachment":[{"href":"https:\/\/cuidandoteserviciosauxiliares.com\/de\/wp-json\/wp\/v2\/media?parent=7378"}],"wp:term":[{"taxonomy":"folder","embeddable":true,"href":"https:\/\/cuidandoteserviciosauxiliares.com\/de\/wp-json\/wp\/v2\/folder?post=7378"}],"curies":[{"name":"wp","href":"https:\/\/api.w.org\/{rel}","templated":true}]}}