{"id":7372,"date":"2024-04-16T22:23:21","date_gmt":"2024-04-16T22:23:21","guid":{"rendered":"https:\/\/cuidandoteserviciosauxiliares.com\/cookie-richtlinie\/"},"modified":"2025-09-29T07:10:36","modified_gmt":"2025-09-29T07:10:36","slug":"cookie-richtlinie","status":"publish","type":"page","link":"https:\/\/cuidandoteserviciosauxiliares.com\/de\/cookie-richtlinie\/","title":{"rendered":"Cookie-Richtlinie"},"content":{"rendered":"\t\t<div data-elementor-type=\"wp-page\" data-elementor-id=\"7372\" class=\"elementor elementor-7372 elementor-241\" data-elementor-post-type=\"page\">\n\t\t\t\t<div class=\"elementor-element elementor-element-97ea10d e-con-full e-flex e-con e-parent\" data-id=\"97ea10d\" data-element_type=\"container\">\n\t\t<div class=\"elementor-element elementor-element-50eabe9 e-con-full e-flex e-con e-child\" data-id=\"50eabe9\" data-element_type=\"container\">\n\t\t\t\t<\/div>\n\t\t<div class=\"elementor-element elementor-element-6b668d5 e-con-full e-flex e-con e-child\" data-id=\"6b668d5\" data-element_type=\"container\">\n\t\t\t\t<div class=\"elementor-element elementor-element-daafeba elementor-widget elementor-widget-heading\" data-id=\"daafeba\" data-element_type=\"widget\" data-widget_type=\"heading.default\">\n\t\t\t\t<div class=\"elementor-widget-container\">\n\t\t\t\t\t<h4 class=\"elementor-heading-title elementor-size-default\">Was sind Cookies?<\/h4>\t\t\t\t<\/div>\n\t\t\t\t<\/div>\n\t\t\t\t<div class=\"elementor-element elementor-element-db2f1c7 elementor-widget elementor-widget-text-editor\" data-id=\"db2f1c7\" data-element_type=\"widget\" data-widget_type=\"text-editor.default\">\n\t\t\t\t<div class=\"elementor-widget-container\">\n\t\t\t\t\t\t\t\t\t<p>Im Englischen bedeutet der Begriff &#8222;Cookie&#8220; Cookie, aber im Bereich des Web-Browsens ist ein &#8222;Cookie&#8220; etwas ganz anderes.<br>Wenn Sie auf unsere Website zugreifen, wird eine kleine Textmenge im Browser Ihres Ger\u00e4ts gespeichert, die als &#8222;Cookie&#8220; bezeichnet wird. Dieser Text enth\u00e4lt verschiedene Informationen \u00fcber Ihr Surfen, Ihre Gewohnheiten, Vorlieben, Inhaltsanpassungen usw.<br>Es gibt andere Technologien, die auf \u00e4hnliche Weise funktionieren und ebenfalls verwendet werden, um Daten \u00fcber Ihre Surfaktivit\u00e4ten zu sammeln. Wir werden alle diese Technologien zusammen als &#8222;Cookies&#8220; bezeichnen. In diesem Dokument wird beschrieben, wie wir diese Technologien verwenden.   <\/p>\t\t\t\t\t\t\t\t<\/div>\n\t\t\t\t<\/div>\n\t\t\t\t<div class=\"elementor-element elementor-element-d458b7e elementor-widget elementor-widget-heading\" data-id=\"d458b7e\" data-element_type=\"widget\" data-widget_type=\"heading.default\">\n\t\t\t\t<div class=\"elementor-widget-container\">\n\t\t\t\t\t<h4 class=\"elementor-heading-title elementor-size-default\">Wof\u00fcr werden Cookies auf dieser Website verwendet?\n<\/h4>\t\t\t\t<\/div>\n\t\t\t\t<\/div>\n\t\t\t\t<div class=\"elementor-element elementor-element-1105d04 elementor-widget elementor-widget-text-editor\" data-id=\"1105d04\" data-element_type=\"widget\" data-widget_type=\"text-editor.default\">\n\t\t\t\t<div class=\"elementor-widget-container\">\n\t\t\t\t\t\t\t\t\t<p>Cookies sind ein wesentlicher Bestandteil der Funktionsweise unserer Website. Der Hauptzweck unserer Cookies besteht darin, Ihr Surferlebnis zu verbessern. Zum Beispiel, um sich w\u00e4hrend des Surfens und bei zuk\u00fcnftigen Besuchen an Ihre Pr\u00e4ferenzen (Sprache, Land usw.) zu erinnern.<br>Die in Cookies gesammelten Informationen erm\u00f6glichen es uns auch, die Website zu verbessern, sie an Ihre Interessen als Benutzer anzupassen, die von Ihnen durchgef\u00fchrten Suchvorg\u00e4nge zu beschleunigen usw. In bestimmten F\u00e4llen, wenn wir Ihre vorherige Einwilligung eingeholt haben, k\u00f6nnen wir Cookies f\u00fcr andere Zwecke verwenden, z. B. um Informationen zu erhalten, die es uns erm\u00f6glichen, Ihnen Werbung auf der Grundlage der Analyse Ihrer Surfgewohnheiten zu zeigen.   <\/p>\t\t\t\t\t\t\t\t<\/div>\n\t\t\t\t<\/div>\n\t\t\t\t<div class=\"elementor-element elementor-element-ad59990 elementor-widget elementor-widget-heading\" data-id=\"ad59990\" data-element_type=\"widget\" data-widget_type=\"heading.default\">\n\t\t\t\t<div class=\"elementor-widget-container\">\n\t\t\t\t\t<h4 class=\"elementor-heading-title elementor-size-default\">Warum werden auf dieser Website KEINE Cookies verwendet?\n<\/h4>\t\t\t\t<\/div>\n\t\t\t\t<\/div>\n\t\t\t\t<div class=\"elementor-element elementor-element-88f5d40 elementor-widget elementor-widget-text-editor\" data-id=\"88f5d40\" data-element_type=\"widget\" data-widget_type=\"text-editor.default\">\n\t\t\t\t<div class=\"elementor-widget-container\">\n\t\t\t\t\t\t\t\t\tDie von uns verwendeten Cookies speichern keine sensiblen personenbezogenen Daten wie Ihren Namen, Ihre Adresse, Ihr Passwort usw.\t\t\t\t\t\t\t\t<\/div>\n\t\t\t\t<\/div>\n\t\t\t\t<div class=\"elementor-element elementor-element-fa51a2c elementor-widget elementor-widget-heading\" data-id=\"fa51a2c\" data-element_type=\"widget\" data-widget_type=\"heading.default\">\n\t\t\t\t<div class=\"elementor-widget-container\">\n\t\t\t\t\t<h4 class=\"elementor-heading-title elementor-size-default\">Wer verwendet die in Cookies gespeicherten Informationen?<\/h4>\t\t\t\t<\/div>\n\t\t\t\t<\/div>\n\t\t\t\t<div class=\"elementor-element elementor-element-7ba1975 elementor-widget elementor-widget-text-editor\" data-id=\"7ba1975\" data-element_type=\"widget\" data-widget_type=\"text-editor.default\">\n\t\t\t\t<div class=\"elementor-widget-container\">\n\t\t\t\t\t\t\t\t\tDie Informationen, die in Cookies auf unserer Website gespeichert sind, werden ausschlie\u00dflich von uns verwendet, mit Ausnahme derjenigen, die im Folgenden als &#8222;Cookies von Drittanbietern&#8220; bezeichnet werden, die von externen Stellen verwendet und verwaltet werden, die uns Dienste zur Verbesserung der Benutzererfahrung anbieten. Zum Beispiel die Statistiken, die \u00fcber die Anzahl der Besuche, den Inhalt, der am meisten gemocht wird, usw. gesammelt werden. Es wird von Google Analytics verwaltet. \t\t\t\t\t\t\t\t<\/div>\n\t\t\t\t<\/div>\n\t\t\t\t<div class=\"elementor-element elementor-element-7ec0fcb elementor-widget elementor-widget-heading\" data-id=\"7ec0fcb\" data-element_type=\"widget\" data-widget_type=\"heading.default\">\n\t\t\t\t<div class=\"elementor-widget-container\">\n\t\t\t\t\t<h4 class=\"elementor-heading-title elementor-size-default\">Wie kann ich die Verwendung von Cookies auf dieser Website verhindern?<\/h4>\t\t\t\t<\/div>\n\t\t\t\t<\/div>\n\t\t\t\t<div class=\"elementor-element elementor-element-f705ae2 elementor-widget elementor-widget-text-editor\" data-id=\"f705ae2\" data-element_type=\"widget\" data-widget_type=\"text-editor.default\">\n\t\t\t\t<div class=\"elementor-widget-container\">\n\t\t\t\t\t\t\t\t\t<p>Wenn Sie es vorziehen, die Verwendung von Cookies zu vermeiden, k\u00f6nnen Sie deren Verwendung <strong>ablehnen<\/strong> oder Sie k\u00f6nnen diejenigen <strong>KONFIGURIEREN<\/strong> , die Sie vermeiden m\u00f6chten, und diejenigen, deren Verwendung Sie zulassen (in diesem Dokument geben wir Ihnen ausf\u00fchrliche Informationen \u00fcber jede Art von Cookie, ihren Zweck, ihren Empf\u00e4nger, ihre Zeitlichkeit usw.).<br>Wenn Sie sie akzeptiert haben, werden wir Sie nicht erneut fragen, es sei denn, Sie l\u00f6schen die Cookies auf Ihrem Ger\u00e4t, wie im folgenden Abschnitt beschrieben. Wenn Sie Ihre Einwilligung widerrufen m\u00f6chten, m\u00fcssen Sie Ihre Cookies l\u00f6schen und erneut setzen. <\/p>\t\t\t\t\t\t\t\t<\/div>\n\t\t\t\t<\/div>\n\t\t\t\t<div class=\"elementor-element elementor-element-52b08e2 elementor-widget elementor-widget-heading\" data-id=\"52b08e2\" data-element_type=\"widget\" data-widget_type=\"heading.default\">\n\t\t\t\t<div class=\"elementor-widget-container\">\n\t\t\t\t\t<h4 class=\"elementor-heading-title elementor-size-default\">Wie kann ich die Verwendung von Cookies deaktivieren und l\u00f6schen?<\/h4>\t\t\t\t<\/div>\n\t\t\t\t<\/div>\n\t\t\t\t<div class=\"elementor-element elementor-element-c902b3e elementor-widget elementor-widget-text-editor\" data-id=\"c902b3e\" data-element_type=\"widget\" data-widget_type=\"text-editor.default\">\n\t\t\t\t<div class=\"elementor-widget-container\">\n\t\t\t\t\t\t\t\t\t<p>Um die Cookies auf dieser Website (und die von Dritten verwendeten Cookies) einzuschr\u00e4nken, zu blockieren oder zu l\u00f6schen, k\u00f6nnen Sie dies jederzeit tun, indem Sie die Einstellungen Ihres Browsers \u00e4ndern.<br>Beachten Sie, dass diese Einstellungen in jedem Browser unterschiedlich sind, obwohl es \u00fcblich ist, die Cookie-Einstellungen im <strong>Men\u00fc &#8222;Einstellungen&#8220;,<\/strong> <strong>&#8222;Extras&#8220;, &#8222;Optionen&#8220;<\/strong> und dann unter <strong>&#8222;Datenschutz und Sicherheit&#8220;<\/strong> oder <strong>unter &#8222;Browserdaten l\u00f6schen&#8220;<\/strong> usw. zu finden. Weitere Informationen zur Konfiguration von Cookies in den einzelnen Browsern finden Sie im Men\u00fc &#8222;Hilfe&#8220; des Browsers.<\/p>\t\t\t\t\t\t\t\t<\/div>\n\t\t\t\t<\/div>\n\t\t\t\t<div class=\"elementor-element elementor-element-d305e2f elementor-widget elementor-widget-heading\" data-id=\"d305e2f\" data-element_type=\"widget\" data-widget_type=\"heading.default\">\n\t\t\t\t<div class=\"elementor-widget-container\">\n\t\t\t\t\t<h4 class=\"elementor-heading-title elementor-size-default\">Cookies, die auf dieser Website verwendet werden<\/h4>\t\t\t\t<\/div>\n\t\t\t\t<\/div>\n\t\t\t\t<div class=\"elementor-element elementor-element-e70ddab elementor-widget elementor-widget-text-editor\" data-id=\"e70ddab\" data-element_type=\"widget\" data-widget_type=\"text-editor.default\">\n\t\t\t\t<div class=\"elementor-widget-container\">\n\t\t\t\t\t\t\t\t\t<p><span style=\"font-weight: 400;\">In \u00dcbereinstimmung mit den Richtlinien der spanischen Datenschutzbeh\u00f6rde gehen wir dazu \u00fcber, die Verwendung von Cookies durch diese Website detailliert zu beschreiben, um Sie so genau wie m\u00f6glich zu informieren. Die Anzahl und Art der Cookies kann sich im Laufe der Zeit \u00e4ndern, daher empfehlen wir Ihnen, sich \u00fcber die <\/span><\/p><p><span style=\"font-weight: 400;\">Diese Website verwendet die folgenden <\/span> und <b>notwendigen Erstanbieter-Cookies<\/b><span style=\"font-weight: 400;\">:<\/span><\/p><p><b>Sitzungs-Cookies<\/b><span style=\"font-weight: 400;\">, um sicherzustellen, dass Benutzer, die Kommentare im Blog schreiben, Menschen und keine automatisierten Anwendungen sind. So wird Spam bek\u00e4mpft. <\/span><\/p><p><b>Cookies zur Registrierung von Einwilligungen: <\/b><span style=\"font-weight: 400;\">Unsere notwendigen Cookies werden verwendet, um die Zustimmung oder Ablehnung von Cookies durch den Benutzer zu erfassen. <\/span><b>Diese Cookies sind notwendig, da wir Ihre Zustimmung ben\u00f6tigen, um die von den Cookies aufgezeichneten Informationen zu verwenden.<\/b><\/p><p><span style=\"font-weight: 400;\">Diese Website verwendet die <\/span><b>folgenden Cookies von Drittanbietern:<\/b><\/p><p><b>Google Analytics<\/b><span style=\"font-weight: 400;\">: Es werden Cookies gespeichert, um Statistiken \u00fcber den Verkehr und das Volumen der Besuche auf dieser Website zu erstellen. Durch die Nutzung dieser Website erkl\u00e4ren Sie sich damit einverstanden   <\/span><b>die Verarbeitung von Informationen \u00fcber Sie durch Google<\/b><span style=\"font-weight: 400;\">. Die Konfiguration dieser Cookies wird durch den von Google angebotenen Dienst vorgegeben.<\/span> <b> Wir empfehlen Ihnen daher, die Datenschutzerkl\u00e4rung von Google Analytics zu konsultieren.<\/b><span style=\"font-weight: 400;\"> Daher muss die Aus\u00fcbung eines diesbez\u00fcglichen Rechts <\/span><b>durch direkte Kommunikation mit Google erfolgen.<\/b><\/p><p><b>Soziale Netzwerke<\/b><span style=\"font-weight: 400;\">: Jedes soziale Netzwerk verwendet seine eigenen Cookies, damit Sie auf Schaltfl\u00e4chen wie &#8222;Gef\u00e4llt mir&#8220; oder &#8222;Teilen&#8220; klicken k\u00f6nnen.<\/span><\/p>\t\t\t\t\t\t\t\t<\/div>\n\t\t\t\t<\/div>\n\t\t\t\t<div class=\"elementor-element elementor-element-684ac18 elementor-widget elementor-widget-heading\" data-id=\"684ac18\" data-element_type=\"widget\" data-widget_type=\"heading.default\">\n\t\t\t\t<div class=\"elementor-widget-container\">\n\t\t\t\t\t<h4 class=\"elementor-heading-title elementor-size-default\">Zus\u00e4tzliche Hinweise<\/h4>\t\t\t\t<\/div>\n\t\t\t\t<\/div>\n\t\t\t\t<div class=\"elementor-element elementor-element-2f4a4d3 elementor-widget elementor-widget-text-editor\" data-id=\"2f4a4d3\" data-element_type=\"widget\" data-widget_type=\"text-editor.default\">\n\t\t\t\t<div class=\"elementor-widget-container\">\n\t\t\t\t\t\t\t\t\t<p>Weder diese Website noch ihre gesetzlichen Vertreter sind f\u00fcr den Inhalt oder die Richtigkeit der Datenschutzrichtlinien verantwortlich, die die in dieser Cookie-Richtlinie genannten Dritten haben k\u00f6nnen.<\/p><p>Webbrowser sind die Werkzeuge, die f\u00fcr die Speicherung von Cookies verantwortlich sind, und von hier aus m\u00fcssen Sie Ihr Recht aus\u00fcben, sie zu l\u00f6schen oder zu deaktivieren.<\/p><p>Weder diese Website noch ihre gesetzlichen Vertreter k\u00f6nnen die korrekte oder falsche Handhabung von Cookies durch die oben genannten Browser garantieren.<\/p><p>In einigen F\u00e4llen ist es notwendig, Cookies zu installieren, damit der Browser seine Entscheidung, sie nicht zu akzeptieren, nicht vergisst. Im Falle von Google Analytics-Cookies speichert Google Analytics Cookies auf Servern in den Vereinigten Staaten und verpflichtet sich, sie nicht an Dritte weiterzugeben, au\u00dfer in F\u00e4llen, in denen dies f\u00fcr den Betrieb des Systems erforderlich ist oder wenn dies gesetzlich vorgeschrieben ist. Nach Angaben von Google wird Ihre IP-Adresse nicht gespeichert. Google Inc. ist ein Unternehmen, das sich an das Safe-Harbor-Abkommen h\u00e4lt, das garantiert, dass alle \u00fcbertragenen Daten mit einem Schutzniveau behandelt werden, das den europ\u00e4ischen Vorschriften entspricht. Detaillierte Informationen hierzu finden Sie unter <strong><a style=\"color: #046ca5;\" href=\"https:\/\/policies.google.com\/privacy?hl=es\">diesem Link<\/a>.<\/strong> Wenn Sie Informationen \u00fcber die Verwendung von Cookies durch Google w\u00fcnschen, finden Sie unter diesem<strong><a style=\"color: #046ca5;\" href=\"https:\/\/policies.google.com\/technologies\/cookies?hl=es\"> Link.<\/a><\/strong>     <\/p><p>Wenn Sie Fragen zu dieser Cookie-Richtlinie haben, z\u00f6gern Sie bitte nicht, uns \u00fcber den Kontaktbereich zu kontaktieren.<\/p>\t\t\t\t\t\t\t\t<\/div>\n\t\t\t\t<\/div>\n\t\t\t\t<\/div>\n\t\t<div class=\"elementor-element elementor-element-0a67006 e-con-full e-flex e-con e-child\" data-id=\"0a67006\" data-element_type=\"container\">\n\t\t\t\t<\/div>\n\t\t\t\t<\/div>\n\t\t\t\t<\/div>\n\t\t","protected":false},"excerpt":{"rendered":"<p>Was sind Cookies? Im Englischen bedeutet der Begriff &#8222;Cookie&#8220; Cookie, aber im Bereich des Web-Browsens ist ein &#8222;Cookie&#8220; etwas ganz anderes.Wenn Sie auf unsere Website zugreifen, wird eine kleine Textmenge im Browser Ihres Ger\u00e4ts gespeichert, die als &#8222;Cookie&#8220; bezeichnet wird. Dieser Text enth\u00e4lt verschiedene Informationen \u00fcber Ihr Surfen, Ihre Gewohnheiten, Vorlieben, Inhaltsanpassungen usw.Es gibt andere [&hellip;]<\/p>\n","protected":false},"author":1,"featured_media":0,"parent":0,"menu_order":0,"comment_status":"closed","ping_status":"closed","template":"","meta":{"footnotes":""},"folder":[46],"class_list":["post-7372","page","type-page","status-publish","hentry"],"yoast_head":"<!-- This site is optimized with the Yoast SEO plugin v26.4 - https:\/\/yoast.com\/wordpress\/plugins\/seo\/ -->\n<title>Cookie-Richtlinie | Wir k\u00fcmmern uns um Ihre Hilfsdienste<\/title>\n<meta name=\"description\" content=\"Cookie-Richtlinien: Was sie sind, wie sie auf unserer Website verwendet werden und wie man sie verwaltet. Sch\u00fctzen Sie Ihre Privatsph\u00e4re beim Surfen.\" \/>\n<meta name=\"robots\" content=\"index, follow, max-snippet:-1, max-image-preview:large, max-video-preview:-1\" \/>\n<link rel=\"canonical\" href=\"https:\/\/cuidandoteserviciosauxiliares.com\/de\/cookie-richtlinie\/\" \/>\n<meta property=\"og:locale\" content=\"de_DE\" \/>\n<meta property=\"og:type\" content=\"article\" \/>\n<meta property=\"og:title\" content=\"Cookie-Richtlinie | Wir k\u00fcmmern uns um Ihre Hilfsdienste\" \/>\n<meta property=\"og:description\" content=\"Cookie-Richtlinien: Was sie sind, wie sie auf unserer Website verwendet werden und wie man sie verwaltet. Sch\u00fctzen Sie Ihre Privatsph\u00e4re beim Surfen.\" \/>\n<meta property=\"og:url\" content=\"https:\/\/cuidandoteserviciosauxiliares.com\/de\/cookie-richtlinie\/\" \/>\n<meta property=\"og:site_name\" content=\"Cuidadores de personas mayores en Madrid | Servicio a domicilio profesional y avalado\" \/>\n<meta property=\"article:publisher\" content=\"https:\/\/www.facebook.com\/share\/1QYZcUvNFk\/?mibextid=wwXIfr\" \/>\n<meta property=\"article:modified_time\" content=\"2025-09-29T07:10:36+00:00\" \/>\n<meta name=\"twitter:card\" content=\"summary_large_image\" \/>\n<meta name=\"twitter:label1\" content=\"Gesch\u00e4tzte Lesezeit\" \/>\n\t<meta name=\"twitter:data1\" content=\"5\u00a0Minuten\" \/>\n<script type=\"application\/ld+json\" class=\"yoast-schema-graph\">{\"@context\":\"https:\/\/schema.org\",\"@graph\":[{\"@type\":\"WebPage\",\"@id\":\"https:\/\/cuidandoteserviciosauxiliares.com\/de\/cookie-richtlinie\/\",\"url\":\"https:\/\/cuidandoteserviciosauxiliares.com\/de\/cookie-richtlinie\/\",\"name\":\"Cookie-Richtlinie | Wir k\u00fcmmern uns um Ihre Hilfsdienste\",\"isPartOf\":{\"@id\":\"https:\/\/cuidandoteserviciosauxiliares.com\/de\/#website\"},\"datePublished\":\"2024-04-16T22:23:21+00:00\",\"dateModified\":\"2025-09-29T07:10:36+00:00\",\"description\":\"Cookie-Richtlinien: Was sie sind, wie sie auf unserer Website verwendet werden und wie man sie verwaltet. Sch\u00fctzen Sie Ihre Privatsph\u00e4re beim Surfen.\",\"breadcrumb\":{\"@id\":\"https:\/\/cuidandoteserviciosauxiliares.com\/de\/cookie-richtlinie\/#breadcrumb\"},\"inLanguage\":\"de\",\"potentialAction\":[{\"@type\":\"ReadAction\",\"target\":[\"https:\/\/cuidandoteserviciosauxiliares.com\/de\/cookie-richtlinie\/\"]}]},{\"@type\":\"BreadcrumbList\",\"@id\":\"https:\/\/cuidandoteserviciosauxiliares.com\/de\/cookie-richtlinie\/#breadcrumb\",\"itemListElement\":[{\"@type\":\"ListItem\",\"position\":1,\"name\":\"Portada\",\"item\":\"https:\/\/cuidandoteserviciosauxiliares.com\/de\/\"},{\"@type\":\"ListItem\",\"position\":2,\"name\":\"Cookie-Richtlinie\"}]},{\"@type\":\"WebSite\",\"@id\":\"https:\/\/cuidandoteserviciosauxiliares.com\/de\/#website\",\"url\":\"https:\/\/cuidandoteserviciosauxiliares.com\/de\/\",\"name\":\"Cuid\u00e1ndote Servicios Auxiliares\",\"description\":\"Cuid\u00e1ndote Servicios Auxiliares ofrece cuidadores profesionales de personas ancianas en Madrid. Atenci\u00f3n domiciliaria, acompa\u00f1amiento, higiene, ayuda a la movilidad y apoyo emocional, avalados por la Comunidad de Madrid. Contacta para una valoraci\u00f3n gratuita.\",\"publisher\":{\"@id\":\"https:\/\/cuidandoteserviciosauxiliares.com\/de\/#organization\"},\"potentialAction\":[{\"@type\":\"SearchAction\",\"target\":{\"@type\":\"EntryPoint\",\"urlTemplate\":\"https:\/\/cuidandoteserviciosauxiliares.com\/de\/?s={search_term_string}\"},\"query-input\":{\"@type\":\"PropertyValueSpecification\",\"valueRequired\":true,\"valueName\":\"search_term_string\"}}],\"inLanguage\":\"de\"},{\"@type\":\"Organization\",\"@id\":\"https:\/\/cuidandoteserviciosauxiliares.com\/de\/#organization\",\"name\":\"Cuid\u00e1ndote Servicios Auxiliares\",\"url\":\"https:\/\/cuidandoteserviciosauxiliares.com\/de\/\",\"logo\":{\"@type\":\"ImageObject\",\"inLanguage\":\"de\",\"@id\":\"https:\/\/cuidandoteserviciosauxiliares.com\/de\/#\/schema\/logo\/image\/\",\"url\":\"https:\/\/cuidandoteserviciosauxiliares.com\/wp-content\/uploads\/2024\/04\/cuidandote-logo-servicios-auxiliares-1.png\",\"contentUrl\":\"https:\/\/cuidandoteserviciosauxiliares.com\/wp-content\/uploads\/2024\/04\/cuidandote-logo-servicios-auxiliares-1.png\",\"width\":220,\"height\":220,\"caption\":\"Cuid\u00e1ndote Servicios Auxiliares\"},\"image\":{\"@id\":\"https:\/\/cuidandoteserviciosauxiliares.com\/de\/#\/schema\/logo\/image\/\"},\"sameAs\":[\"https:\/\/www.facebook.com\/share\/1QYZcUvNFk\/?mibextid=wwXIfr\",\"https:\/\/www.instagram.com\/cuidandoteserviciosauxiliares\/\"]}]}<\/script>\n<!-- \/ Yoast SEO plugin. -->","yoast_head_json":{"title":"Cookie-Richtlinie | Wir k\u00fcmmern uns um Ihre Hilfsdienste","description":"Cookie-Richtlinien: Was sie sind, wie sie auf unserer Website verwendet werden und wie man sie verwaltet. Sch\u00fctzen Sie Ihre Privatsph\u00e4re beim Surfen.","robots":{"index":"index","follow":"follow","max-snippet":"max-snippet:-1","max-image-preview":"max-image-preview:large","max-video-preview":"max-video-preview:-1"},"canonical":"https:\/\/cuidandoteserviciosauxiliares.com\/de\/cookie-richtlinie\/","og_locale":"de_DE","og_type":"article","og_title":"Cookie-Richtlinie | Wir k\u00fcmmern uns um Ihre Hilfsdienste","og_description":"Cookie-Richtlinien: Was sie sind, wie sie auf unserer Website verwendet werden und wie man sie verwaltet. Sch\u00fctzen Sie Ihre Privatsph\u00e4re beim Surfen.","og_url":"https:\/\/cuidandoteserviciosauxiliares.com\/de\/cookie-richtlinie\/","og_site_name":"Cuidadores de personas mayores en Madrid | Servicio a domicilio profesional y avalado","article_publisher":"https:\/\/www.facebook.com\/share\/1QYZcUvNFk\/?mibextid=wwXIfr","article_modified_time":"2025-09-29T07:10:36+00:00","twitter_card":"summary_large_image","twitter_misc":{"Gesch\u00e4tzte Lesezeit":"5\u00a0Minuten"},"schema":{"@context":"https:\/\/schema.org","@graph":[{"@type":"WebPage","@id":"https:\/\/cuidandoteserviciosauxiliares.com\/de\/cookie-richtlinie\/","url":"https:\/\/cuidandoteserviciosauxiliares.com\/de\/cookie-richtlinie\/","name":"Cookie-Richtlinie | Wir k\u00fcmmern uns um Ihre Hilfsdienste","isPartOf":{"@id":"https:\/\/cuidandoteserviciosauxiliares.com\/de\/#website"},"datePublished":"2024-04-16T22:23:21+00:00","dateModified":"2025-09-29T07:10:36+00:00","description":"Cookie-Richtlinien: Was sie sind, wie sie auf unserer Website verwendet werden und wie man sie verwaltet. Sch\u00fctzen Sie Ihre Privatsph\u00e4re beim Surfen.","breadcrumb":{"@id":"https:\/\/cuidandoteserviciosauxiliares.com\/de\/cookie-richtlinie\/#breadcrumb"},"inLanguage":"de","potentialAction":[{"@type":"ReadAction","target":["https:\/\/cuidandoteserviciosauxiliares.com\/de\/cookie-richtlinie\/"]}]},{"@type":"BreadcrumbList","@id":"https:\/\/cuidandoteserviciosauxiliares.com\/de\/cookie-richtlinie\/#breadcrumb","itemListElement":[{"@type":"ListItem","position":1,"name":"Portada","item":"https:\/\/cuidandoteserviciosauxiliares.com\/de\/"},{"@type":"ListItem","position":2,"name":"Cookie-Richtlinie"}]},{"@type":"WebSite","@id":"https:\/\/cuidandoteserviciosauxiliares.com\/de\/#website","url":"https:\/\/cuidandoteserviciosauxiliares.com\/de\/","name":"Cuid\u00e1ndote Servicios Auxiliares","description":"Cuid\u00e1ndote Servicios Auxiliares ofrece cuidadores profesionales de personas ancianas en Madrid. Atenci\u00f3n domiciliaria, acompa\u00f1amiento, higiene, ayuda a la movilidad y apoyo emocional, avalados por la Comunidad de Madrid. Contacta para una valoraci\u00f3n gratuita.","publisher":{"@id":"https:\/\/cuidandoteserviciosauxiliares.com\/de\/#organization"},"potentialAction":[{"@type":"SearchAction","target":{"@type":"EntryPoint","urlTemplate":"https:\/\/cuidandoteserviciosauxiliares.com\/de\/?s={search_term_string}"},"query-input":{"@type":"PropertyValueSpecification","valueRequired":true,"valueName":"search_term_string"}}],"inLanguage":"de"},{"@type":"Organization","@id":"https:\/\/cuidandoteserviciosauxiliares.com\/de\/#organization","name":"Cuid\u00e1ndote Servicios Auxiliares","url":"https:\/\/cuidandoteserviciosauxiliares.com\/de\/","logo":{"@type":"ImageObject","inLanguage":"de","@id":"https:\/\/cuidandoteserviciosauxiliares.com\/de\/#\/schema\/logo\/image\/","url":"https:\/\/cuidandoteserviciosauxiliares.com\/wp-content\/uploads\/2024\/04\/cuidandote-logo-servicios-auxiliares-1.png","contentUrl":"https:\/\/cuidandoteserviciosauxiliares.com\/wp-content\/uploads\/2024\/04\/cuidandote-logo-servicios-auxiliares-1.png","width":220,"height":220,"caption":"Cuid\u00e1ndote Servicios Auxiliares"},"image":{"@id":"https:\/\/cuidandoteserviciosauxiliares.com\/de\/#\/schema\/logo\/image\/"},"sameAs":["https:\/\/www.facebook.com\/share\/1QYZcUvNFk\/?mibextid=wwXIfr","https:\/\/www.instagram.com\/cuidandoteserviciosauxiliares\/"]}]}},"_links":{"self":[{"href":"https:\/\/cuidandoteserviciosauxiliares.com\/de\/wp-json\/wp\/v2\/pages\/7372","targetHints":{"allow":["GET"]}}],"collection":[{"href":"https:\/\/cuidandoteserviciosauxiliares.com\/de\/wp-json\/wp\/v2\/pages"}],"about":[{"href":"https:\/\/cuidandoteserviciosauxiliares.com\/de\/wp-json\/wp\/v2\/types\/page"}],"author":[{"embeddable":true,"href":"https:\/\/cuidandoteserviciosauxiliares.com\/de\/wp-json\/wp\/v2\/users\/1"}],"replies":[{"embeddable":true,"href":"https:\/\/cuidandoteserviciosauxiliares.com\/de\/wp-json\/wp\/v2\/comments?post=7372"}],"version-history":[{"count":1,"href":"https:\/\/cuidandoteserviciosauxiliares.com\/de\/wp-json\/wp\/v2\/pages\/7372\/revisions"}],"predecessor-version":[{"id":7374,"href":"https:\/\/cuidandoteserviciosauxiliares.com\/de\/wp-json\/wp\/v2\/pages\/7372\/revisions\/7374"}],"wp:attachment":[{"href":"https:\/\/cuidandoteserviciosauxiliares.com\/de\/wp-json\/wp\/v2\/media?parent=7372"}],"wp:term":[{"taxonomy":"folder","embeddable":true,"href":"https:\/\/cuidandoteserviciosauxiliares.com\/de\/wp-json\/wp\/v2\/folder?post=7372"}],"curies":[{"name":"wp","href":"https:\/\/api.w.org\/{rel}","templated":true}]}}