{"id":7366,"date":"2025-03-25T17:16:30","date_gmt":"2025-03-25T17:16:30","guid":{"rendered":"https:\/\/cuidandoteserviciosauxiliares.com\/vielen-dank-kunden\/"},"modified":"2025-09-29T07:09:32","modified_gmt":"2025-09-29T07:09:32","slug":"vielen-dank-kunden","status":"publish","type":"page","link":"https:\/\/cuidandoteserviciosauxiliares.com\/de\/vielen-dank-kunden\/","title":{"rendered":"Vielen Dank &#8211; Kunden"},"content":{"rendered":"\t\t<div data-elementor-type=\"wp-page\" data-elementor-id=\"7366\" class=\"elementor elementor-7366 elementor-5995\" data-elementor-post-type=\"page\">\n\t\t\t\t<div class=\"elementor-element elementor-element-f6e3767 e-flex e-con-boxed e-con e-parent\" data-id=\"f6e3767\" data-element_type=\"container\">\n\t\t\t\t\t<div class=\"e-con-inner\">\n\t\t\t\t<div class=\"elementor-element elementor-element-2f80787 elementor-widget elementor-widget-spacer\" data-id=\"2f80787\" data-element_type=\"widget\" data-widget_type=\"spacer.default\">\n\t\t\t\t<div class=\"elementor-widget-container\">\n\t\t\t\t\t\t\t<div class=\"elementor-spacer\">\n\t\t\t<div class=\"elementor-spacer-inner\"><\/div>\n\t\t<\/div>\n\t\t\t\t\t\t<\/div>\n\t\t\t\t<\/div>\n\t\t\t\t\t<\/div>\n\t\t\t\t<\/div>\n\t\t<div class=\"elementor-element elementor-element-dfe4b55 e-flex e-con-boxed e-con e-parent\" data-id=\"dfe4b55\" data-element_type=\"container\">\n\t\t\t\t\t<div class=\"e-con-inner\">\n\t\t\t\t<div class=\"elementor-element elementor-element-864e523 elementor-widget elementor-widget-text-editor\" data-id=\"864e523\" data-element_type=\"widget\" data-widget_type=\"text-editor.default\">\n\t\t\t\t<div class=\"elementor-widget-container\">\n\t\t\t\t\t\t\t\t\t<p style=\"text-align: center;\"><strong><span style=\"font-size: 22px;\">Formular erfolgreich \u00fcbermittelt!  \u2705<\/span><\/strong><\/p>\n<p style=\"text-align: center;\"><span style=\"font-size: 22px;\">Wir werden uns sehr bald mit Ihnen in Verbindung setzen<\/span><\/p>\t\t\t\t\t\t\t\t<\/div>\n\t\t\t\t<\/div>\n\t\t\t\t\t<\/div>\n\t\t\t\t<\/div>\n\t\t<div class=\"elementor-element elementor-element-3776d7a e-flex e-con-boxed e-con e-parent\" data-id=\"3776d7a\" data-element_type=\"container\">\n\t\t\t\t\t<div class=\"e-con-inner\">\n\t\t\t\t<div class=\"elementor-element elementor-element-9939411 elementor-widget elementor-widget-image\" data-id=\"9939411\" data-element_type=\"widget\" data-widget_type=\"image.default\">\n\t\t\t\t<div class=\"elementor-widget-container\">\n\t\t\t\t\t\t\t\t\t\t\t\t\t\t\t<img fetchpriority=\"high\" decoding=\"async\" width=\"800\" height=\"450\" src=\"https:\/\/cuidandoteserviciosauxiliares.com\/wp-content\/uploads\/2024\/10\/cuidadores-de-ancianos-domicilio-en-casa-hogar-cuidandote-madrid-1-1024x576.png\" class=\"attachment-large size-large wp-image-7208\" alt=\"\" srcset=\"https:\/\/cuidandoteserviciosauxiliares.com\/wp-content\/uploads\/2024\/10\/cuidadores-de-ancianos-domicilio-en-casa-hogar-cuidandote-madrid-1-1024x576.png 1024w, https:\/\/cuidandoteserviciosauxiliares.com\/wp-content\/uploads\/2024\/10\/cuidadores-de-ancianos-domicilio-en-casa-hogar-cuidandote-madrid-1-300x169.png 300w, https:\/\/cuidandoteserviciosauxiliares.com\/wp-content\/uploads\/2024\/10\/cuidadores-de-ancianos-domicilio-en-casa-hogar-cuidandote-madrid-1-768x432.png 768w, https:\/\/cuidandoteserviciosauxiliares.com\/wp-content\/uploads\/2024\/10\/cuidadores-de-ancianos-domicilio-en-casa-hogar-cuidandote-madrid-1-1536x863.png 1536w, https:\/\/cuidandoteserviciosauxiliares.com\/wp-content\/uploads\/2024\/10\/cuidadores-de-ancianos-domicilio-en-casa-hogar-cuidandote-madrid-1-2048x1151.png 2048w\" sizes=\"(max-width: 800px) 100vw, 800px\" \/>\t\t\t\t\t\t\t\t\t\t\t\t\t\t\t<\/div>\n\t\t\t\t<\/div>\n\t\t\t\t\t<\/div>\n\t\t\t\t<\/div>\n\t\t\t\t<\/div>\n\t\t","protected":false},"excerpt":{"rendered":"<p>Formular erfolgreich \u00fcbermittelt! \u2705 Wir werden uns sehr bald mit Ihnen in Verbindung setzen<\/p>\n","protected":false},"author":3,"featured_media":0,"parent":0,"menu_order":0,"comment_status":"closed","ping_status":"closed","template":"","meta":{"footnotes":""},"folder":[46],"class_list":["post-7366","page","type-page","status-publish","hentry"],"yoast_head":"<!-- This site is optimized with the Yoast SEO plugin v26.4 - https:\/\/yoast.com\/wordpress\/plugins\/seo\/ -->\n<title>Vielen Dank - Kunden - Cuidadores de personas mayores en Madrid | Servicio a domicilio profesional y avalado<\/title>\n<meta name=\"robots\" content=\"index, follow, max-snippet:-1, max-image-preview:large, max-video-preview:-1\" \/>\n<link rel=\"canonical\" href=\"https:\/\/cuidandoteserviciosauxiliares.com\/de\/vielen-dank-kunden\/\" \/>\n<meta property=\"og:locale\" content=\"de_DE\" \/>\n<meta property=\"og:type\" content=\"article\" \/>\n<meta property=\"og:title\" content=\"Vielen Dank - Kunden - Cuidadores de personas mayores en Madrid | Servicio a domicilio profesional y avalado\" \/>\n<meta property=\"og:description\" content=\"Formular erfolgreich \u00fcbermittelt! \u2705 Wir werden uns sehr bald mit Ihnen in Verbindung setzen\" \/>\n<meta property=\"og:url\" content=\"https:\/\/cuidandoteserviciosauxiliares.com\/de\/vielen-dank-kunden\/\" \/>\n<meta property=\"og:site_name\" content=\"Cuidadores de personas mayores en Madrid | Servicio a domicilio profesional y avalado\" \/>\n<meta property=\"article:publisher\" content=\"https:\/\/www.facebook.com\/share\/1QYZcUvNFk\/?mibextid=wwXIfr\" \/>\n<meta property=\"article:modified_time\" content=\"2025-09-29T07:09:32+00:00\" \/>\n<meta property=\"og:image\" content=\"https:\/\/cuidandoteserviciosauxiliares.com\/wp-content\/uploads\/2024\/10\/cuidadores-de-ancianos-domicilio-en-casa-hogar-cuidandote-madrid-1-1024x576.png\" \/>\n\t<meta property=\"og:image:width\" content=\"1024\" \/>\n\t<meta property=\"og:image:height\" content=\"576\" \/>\n\t<meta property=\"og:image:type\" content=\"image\/png\" \/>\n<meta name=\"twitter:card\" content=\"summary_large_image\" \/>\n<script type=\"application\/ld+json\" class=\"yoast-schema-graph\">{\"@context\":\"https:\/\/schema.org\",\"@graph\":[{\"@type\":\"WebPage\",\"@id\":\"https:\/\/cuidandoteserviciosauxiliares.com\/de\/vielen-dank-kunden\/\",\"url\":\"https:\/\/cuidandoteserviciosauxiliares.com\/de\/vielen-dank-kunden\/\",\"name\":\"Vielen Dank - Kunden - Cuidadores de personas mayores en Madrid | Servicio a domicilio profesional y avalado\",\"isPartOf\":{\"@id\":\"https:\/\/cuidandoteserviciosauxiliares.com\/de\/#website\"},\"primaryImageOfPage\":{\"@id\":\"https:\/\/cuidandoteserviciosauxiliares.com\/de\/vielen-dank-kunden\/#primaryimage\"},\"image\":{\"@id\":\"https:\/\/cuidandoteserviciosauxiliares.com\/de\/vielen-dank-kunden\/#primaryimage\"},\"thumbnailUrl\":\"https:\/\/cuidandoteserviciosauxiliares.com\/wp-content\/uploads\/2024\/10\/cuidadores-de-ancianos-domicilio-en-casa-hogar-cuidandote-madrid-1-1024x576.png\",\"datePublished\":\"2025-03-25T17:16:30+00:00\",\"dateModified\":\"2025-09-29T07:09:32+00:00\",\"breadcrumb\":{\"@id\":\"https:\/\/cuidandoteserviciosauxiliares.com\/de\/vielen-dank-kunden\/#breadcrumb\"},\"inLanguage\":\"de\",\"potentialAction\":[{\"@type\":\"ReadAction\",\"target\":[\"https:\/\/cuidandoteserviciosauxiliares.com\/de\/vielen-dank-kunden\/\"]}]},{\"@type\":\"ImageObject\",\"inLanguage\":\"de\",\"@id\":\"https:\/\/cuidandoteserviciosauxiliares.com\/de\/vielen-dank-kunden\/#primaryimage\",\"url\":\"https:\/\/cuidandoteserviciosauxiliares.com\/wp-content\/uploads\/2024\/10\/cuidadores-de-ancianos-domicilio-en-casa-hogar-cuidandote-madrid-1-1024x576.png\",\"contentUrl\":\"https:\/\/cuidandoteserviciosauxiliares.com\/wp-content\/uploads\/2024\/10\/cuidadores-de-ancianos-domicilio-en-casa-hogar-cuidandote-madrid-1-1024x576.png\"},{\"@type\":\"BreadcrumbList\",\"@id\":\"https:\/\/cuidandoteserviciosauxiliares.com\/de\/vielen-dank-kunden\/#breadcrumb\",\"itemListElement\":[{\"@type\":\"ListItem\",\"position\":1,\"name\":\"Portada\",\"item\":\"https:\/\/cuidandoteserviciosauxiliares.com\/de\/\"},{\"@type\":\"ListItem\",\"position\":2,\"name\":\"Vielen Dank &#8211; Kunden\"}]},{\"@type\":\"WebSite\",\"@id\":\"https:\/\/cuidandoteserviciosauxiliares.com\/de\/#website\",\"url\":\"https:\/\/cuidandoteserviciosauxiliares.com\/de\/\",\"name\":\"Cuid\u00e1ndote Servicios Auxiliares\",\"description\":\"Cuid\u00e1ndote Servicios Auxiliares ofrece cuidadores profesionales de personas ancianas en Madrid. Atenci\u00f3n domiciliaria, acompa\u00f1amiento, higiene, ayuda a la movilidad y apoyo emocional, avalados por la Comunidad de Madrid. Contacta para una valoraci\u00f3n gratuita.\",\"publisher\":{\"@id\":\"https:\/\/cuidandoteserviciosauxiliares.com\/de\/#organization\"},\"potentialAction\":[{\"@type\":\"SearchAction\",\"target\":{\"@type\":\"EntryPoint\",\"urlTemplate\":\"https:\/\/cuidandoteserviciosauxiliares.com\/de\/?s={search_term_string}\"},\"query-input\":{\"@type\":\"PropertyValueSpecification\",\"valueRequired\":true,\"valueName\":\"search_term_string\"}}],\"inLanguage\":\"de\"},{\"@type\":\"Organization\",\"@id\":\"https:\/\/cuidandoteserviciosauxiliares.com\/de\/#organization\",\"name\":\"Cuid\u00e1ndote Servicios Auxiliares\",\"url\":\"https:\/\/cuidandoteserviciosauxiliares.com\/de\/\",\"logo\":{\"@type\":\"ImageObject\",\"inLanguage\":\"de\",\"@id\":\"https:\/\/cuidandoteserviciosauxiliares.com\/de\/#\/schema\/logo\/image\/\",\"url\":\"https:\/\/cuidandoteserviciosauxiliares.com\/wp-content\/uploads\/2024\/04\/cuidandote-logo-servicios-auxiliares-1.png\",\"contentUrl\":\"https:\/\/cuidandoteserviciosauxiliares.com\/wp-content\/uploads\/2024\/04\/cuidandote-logo-servicios-auxiliares-1.png\",\"width\":220,\"height\":220,\"caption\":\"Cuid\u00e1ndote Servicios Auxiliares\"},\"image\":{\"@id\":\"https:\/\/cuidandoteserviciosauxiliares.com\/de\/#\/schema\/logo\/image\/\"},\"sameAs\":[\"https:\/\/www.facebook.com\/share\/1QYZcUvNFk\/?mibextid=wwXIfr\",\"https:\/\/www.instagram.com\/cuidandoteserviciosauxiliares\/\"]}]}<\/script>\n<!-- \/ Yoast SEO plugin. -->","yoast_head_json":{"title":"Vielen Dank - Kunden - Cuidadores de personas mayores en Madrid | Servicio a domicilio profesional y avalado","robots":{"index":"index","follow":"follow","max-snippet":"max-snippet:-1","max-image-preview":"max-image-preview:large","max-video-preview":"max-video-preview:-1"},"canonical":"https:\/\/cuidandoteserviciosauxiliares.com\/de\/vielen-dank-kunden\/","og_locale":"de_DE","og_type":"article","og_title":"Vielen Dank - Kunden - Cuidadores de personas mayores en Madrid | Servicio a domicilio profesional y avalado","og_description":"Formular erfolgreich \u00fcbermittelt! \u2705 Wir werden uns sehr bald mit Ihnen in Verbindung setzen","og_url":"https:\/\/cuidandoteserviciosauxiliares.com\/de\/vielen-dank-kunden\/","og_site_name":"Cuidadores de personas mayores en Madrid | Servicio a domicilio profesional y avalado","article_publisher":"https:\/\/www.facebook.com\/share\/1QYZcUvNFk\/?mibextid=wwXIfr","article_modified_time":"2025-09-29T07:09:32+00:00","og_image":[{"width":1024,"height":576,"url":"https:\/\/cuidandoteserviciosauxiliares.com\/wp-content\/uploads\/2024\/10\/cuidadores-de-ancianos-domicilio-en-casa-hogar-cuidandote-madrid-1-1024x576.png","type":"image\/png"}],"twitter_card":"summary_large_image","schema":{"@context":"https:\/\/schema.org","@graph":[{"@type":"WebPage","@id":"https:\/\/cuidandoteserviciosauxiliares.com\/de\/vielen-dank-kunden\/","url":"https:\/\/cuidandoteserviciosauxiliares.com\/de\/vielen-dank-kunden\/","name":"Vielen Dank - Kunden - Cuidadores de personas mayores en Madrid | Servicio a domicilio profesional y avalado","isPartOf":{"@id":"https:\/\/cuidandoteserviciosauxiliares.com\/de\/#website"},"primaryImageOfPage":{"@id":"https:\/\/cuidandoteserviciosauxiliares.com\/de\/vielen-dank-kunden\/#primaryimage"},"image":{"@id":"https:\/\/cuidandoteserviciosauxiliares.com\/de\/vielen-dank-kunden\/#primaryimage"},"thumbnailUrl":"https:\/\/cuidandoteserviciosauxiliares.com\/wp-content\/uploads\/2024\/10\/cuidadores-de-ancianos-domicilio-en-casa-hogar-cuidandote-madrid-1-1024x576.png","datePublished":"2025-03-25T17:16:30+00:00","dateModified":"2025-09-29T07:09:32+00:00","breadcrumb":{"@id":"https:\/\/cuidandoteserviciosauxiliares.com\/de\/vielen-dank-kunden\/#breadcrumb"},"inLanguage":"de","potentialAction":[{"@type":"ReadAction","target":["https:\/\/cuidandoteserviciosauxiliares.com\/de\/vielen-dank-kunden\/"]}]},{"@type":"ImageObject","inLanguage":"de","@id":"https:\/\/cuidandoteserviciosauxiliares.com\/de\/vielen-dank-kunden\/#primaryimage","url":"https:\/\/cuidandoteserviciosauxiliares.com\/wp-content\/uploads\/2024\/10\/cuidadores-de-ancianos-domicilio-en-casa-hogar-cuidandote-madrid-1-1024x576.png","contentUrl":"https:\/\/cuidandoteserviciosauxiliares.com\/wp-content\/uploads\/2024\/10\/cuidadores-de-ancianos-domicilio-en-casa-hogar-cuidandote-madrid-1-1024x576.png"},{"@type":"BreadcrumbList","@id":"https:\/\/cuidandoteserviciosauxiliares.com\/de\/vielen-dank-kunden\/#breadcrumb","itemListElement":[{"@type":"ListItem","position":1,"name":"Portada","item":"https:\/\/cuidandoteserviciosauxiliares.com\/de\/"},{"@type":"ListItem","position":2,"name":"Vielen Dank &#8211; Kunden"}]},{"@type":"WebSite","@id":"https:\/\/cuidandoteserviciosauxiliares.com\/de\/#website","url":"https:\/\/cuidandoteserviciosauxiliares.com\/de\/","name":"Cuid\u00e1ndote Servicios Auxiliares","description":"Cuid\u00e1ndote Servicios Auxiliares ofrece cuidadores profesionales de personas ancianas en Madrid. Atenci\u00f3n domiciliaria, acompa\u00f1amiento, higiene, ayuda a la movilidad y apoyo emocional, avalados por la Comunidad de Madrid. Contacta para una valoraci\u00f3n gratuita.","publisher":{"@id":"https:\/\/cuidandoteserviciosauxiliares.com\/de\/#organization"},"potentialAction":[{"@type":"SearchAction","target":{"@type":"EntryPoint","urlTemplate":"https:\/\/cuidandoteserviciosauxiliares.com\/de\/?s={search_term_string}"},"query-input":{"@type":"PropertyValueSpecification","valueRequired":true,"valueName":"search_term_string"}}],"inLanguage":"de"},{"@type":"Organization","@id":"https:\/\/cuidandoteserviciosauxiliares.com\/de\/#organization","name":"Cuid\u00e1ndote Servicios Auxiliares","url":"https:\/\/cuidandoteserviciosauxiliares.com\/de\/","logo":{"@type":"ImageObject","inLanguage":"de","@id":"https:\/\/cuidandoteserviciosauxiliares.com\/de\/#\/schema\/logo\/image\/","url":"https:\/\/cuidandoteserviciosauxiliares.com\/wp-content\/uploads\/2024\/04\/cuidandote-logo-servicios-auxiliares-1.png","contentUrl":"https:\/\/cuidandoteserviciosauxiliares.com\/wp-content\/uploads\/2024\/04\/cuidandote-logo-servicios-auxiliares-1.png","width":220,"height":220,"caption":"Cuid\u00e1ndote Servicios Auxiliares"},"image":{"@id":"https:\/\/cuidandoteserviciosauxiliares.com\/de\/#\/schema\/logo\/image\/"},"sameAs":["https:\/\/www.facebook.com\/share\/1QYZcUvNFk\/?mibextid=wwXIfr","https:\/\/www.instagram.com\/cuidandoteserviciosauxiliares\/"]}]}},"_links":{"self":[{"href":"https:\/\/cuidandoteserviciosauxiliares.com\/de\/wp-json\/wp\/v2\/pages\/7366","targetHints":{"allow":["GET"]}}],"collection":[{"href":"https:\/\/cuidandoteserviciosauxiliares.com\/de\/wp-json\/wp\/v2\/pages"}],"about":[{"href":"https:\/\/cuidandoteserviciosauxiliares.com\/de\/wp-json\/wp\/v2\/types\/page"}],"author":[{"embeddable":true,"href":"https:\/\/cuidandoteserviciosauxiliares.com\/de\/wp-json\/wp\/v2\/users\/3"}],"replies":[{"embeddable":true,"href":"https:\/\/cuidandoteserviciosauxiliares.com\/de\/wp-json\/wp\/v2\/comments?post=7366"}],"version-history":[{"count":1,"href":"https:\/\/cuidandoteserviciosauxiliares.com\/de\/wp-json\/wp\/v2\/pages\/7366\/revisions"}],"predecessor-version":[{"id":7368,"href":"https:\/\/cuidandoteserviciosauxiliares.com\/de\/wp-json\/wp\/v2\/pages\/7366\/revisions\/7368"}],"wp:attachment":[{"href":"https:\/\/cuidandoteserviciosauxiliares.com\/de\/wp-json\/wp\/v2\/media?parent=7366"}],"wp:term":[{"taxonomy":"folder","embeddable":true,"href":"https:\/\/cuidandoteserviciosauxiliares.com\/de\/wp-json\/wp\/v2\/folder?post=7366"}],"curies":[{"name":"wp","href":"https:\/\/api.w.org\/{rel}","templated":true}]}}